{"id":777,"date":"2022-07-01T16:03:35","date_gmt":"2022-07-01T16:03:35","guid":{"rendered":"https:\/\/www.duechslegal.de\/kontakt\/"},"modified":"2022-08-18T15:08:30","modified_gmt":"2022-08-18T15:08:30","slug":"kontakt","status":"publish","type":"page","link":"https:\/\/www.duechslegal.de\/en\/kontakt\/","title":{"rendered":"Contact"},"content":{"rendered":"\t\t<div data-elementor-type=\"wp-page\" data-elementor-id=\"777\" class=\"elementor elementor-777 elementor-549\" data-elementor-post-type=\"page\">\n\t\t\t\t\t\t<section class=\"elementor-section elementor-top-section elementor-element elementor-element-aab444c elementor-section-boxed elementor-section-height-default elementor-section-height-default\" data-id=\"aab444c\" data-element_type=\"section\" data-e-type=\"section\">\n\t\t\t\t\t\t<div class=\"elementor-container elementor-column-gap-wider\">\n\t\t\t\t\t<div class=\"elementor-column elementor-col-100 elementor-top-column elementor-element elementor-element-500faf2\" data-id=\"500faf2\" data-element_type=\"column\" data-e-type=\"column\">\n\t\t\t<div class=\"elementor-widget-wrap elementor-element-populated\">\n\t\t\t\t\t\t<div class=\"elementor-element elementor-element-d584142 elementor-widget elementor-widget-image\" data-id=\"d584142\" data-element_type=\"widget\" data-e-type=\"widget\" data-widget_type=\"image.default\">\n\t\t\t\t<div class=\"elementor-widget-container\">\n\t\t\t\t\t\t\t\t\t\t\t\t\t\t\t<img decoding=\"async\" src=\"https:\/\/www.duechslegal.de\/wp-content\/uploads\/elementor\/thumbs\/preview_2022_06_Duechs11372-scaled-pr1byrfjr1k4t516xmu7oyo7i8uv199r35n1ujspjg.jpg\" title=\"preview_2022_06_Duechs11372\" alt=\"preview_2022_06_Duechs11372\" loading=\"lazy\" \/>\t\t\t\t\t\t\t\t\t\t\t\t\t\t\t<\/div>\n\t\t\t\t<\/div>\n\t\t\t\t<div class=\"elementor-element elementor-element-ebebc42 elementor-widget elementor-widget-heading\" data-id=\"ebebc42\" data-element_type=\"widget\" data-e-type=\"widget\" data-widget_type=\"heading.default\">\n\t\t\t\t<div class=\"elementor-widget-container\">\n\t\t\t\t\t<h2 class=\"elementor-heading-title elementor-size-default\">Contact<\/h2>\t\t\t\t<\/div>\n\t\t\t\t<\/div>\n\t\t\t\t<div class=\"elementor-element elementor-element-f03ecc9 elementor-widget elementor-widget-text-editor\" data-id=\"f03ecc9\" data-element_type=\"widget\" data-e-type=\"widget\" data-widget_type=\"text-editor.default\">\n\t\t\t\t<div class=\"elementor-widget-container\">\n\t\t\t\t\t\t\t\t\t<p>D\u00dcCHS LEGAL<br \/>D\u00fcchs Rechtsanw\u00e4lte PartmbB<br \/>Konradstrasse 16<br \/>80801 Munich<br \/>Germany <br \/>Phone +49 89 277 80 51 90<br \/>Fax +49 89 277 80 51 90<br \/><a href=\"mailto:info@duechslegal.de\">info@duechslegal.de<\/a><\/p><p><span dir=\"ltr\" role=\"presentation\">If you have any questions about our office or would like more information, please feel free to <a href=\"info@duechslegal.de\">email<\/a> us.<\/span><\/p>\t\t\t\t\t\t\t\t<\/div>\n\t\t\t\t<\/div>\n\t\t\t\t\t<\/div>\n\t\t<\/div>\n\t\t\t\t\t<\/div>\n\t\t<\/section>\n\t\t\t\t<\/div>\n\t\t","protected":false},"excerpt":{"rendered":"<p>D\u00dcCHS LEGALD\u00fcchs Rechtsanw\u00e4lte PartmbBKonradstrasse 1680801 MunichGermany Phone +49 89 277 80 51 90Fax +49 89 277 80 51 90info@duechslegal.de If you have any questions about our office or would like more information, please feel free to email us.<\/p>\n","protected":false},"author":1,"featured_media":0,"parent":0,"menu_order":0,"comment_status":"closed","ping_status":"closed","template":"","meta":{"_acf_changed":false,"footnotes":""},"class_list":["post-777","page","type-page","status-publish","hentry"],"acf":[],"yoast_head":"<!-- This site is optimized with the Yoast SEO plugin v27.5 - https:\/\/yoast.com\/product\/yoast-seo-wordpress\/ -->\n<title>Contact - D\u00fcchs Legal<\/title>\n<meta name=\"robots\" content=\"index, follow, max-snippet:-1, max-image-preview:large, max-video-preview:-1\" \/>\n<link rel=\"canonical\" href=\"https:\/\/www.duechslegal.de\/en\/kontakt\/\" \/>\n<meta property=\"og:locale\" content=\"en_US\" \/>\n<meta property=\"og:type\" content=\"article\" \/>\n<meta property=\"og:title\" content=\"Contact - D\u00fcchs Legal\" \/>\n<meta property=\"og:description\" content=\"D\u00dcCHS LEGALD\u00fcchs Rechtsanw\u00e4lte PartmbBKonradstrasse 1680801 MunichGermany Phone +49 89 277 80 51 90Fax +49 89 277 80 51 90info@duechslegal.de If you have any questions about our office or would like more information, please feel free to email us.\" \/>\n<meta property=\"og:url\" content=\"https:\/\/www.duechslegal.de\/en\/kontakt\/\" \/>\n<meta property=\"og:site_name\" content=\"D\u00fcchs Legal\" \/>\n<meta property=\"article:modified_time\" content=\"2022-08-18T15:08:30+00:00\" \/>\n<meta property=\"og:image\" content=\"https:\/\/www.duechslegal.de\/wp-content\/uploads\/elementor\/thumbs\/preview_2022_06_Duechs11372-scaled-pr1byrfjr1k4t516xmu7oyo7i8uv199r35n1ujspjg.jpg\" \/>\n<meta name=\"twitter:card\" content=\"summary_large_image\" \/>\n<script type=\"application\/ld+json\" class=\"yoast-schema-graph\">{\"@context\":\"https:\\\/\\\/schema.org\",\"@graph\":[{\"@type\":\"WebPage\",\"@id\":\"https:\\\/\\\/www.duechslegal.de\\\/en\\\/kontakt\\\/\",\"url\":\"https:\\\/\\\/www.duechslegal.de\\\/en\\\/kontakt\\\/\",\"name\":\"Contact - D\u00fcchs Legal\",\"isPartOf\":{\"@id\":\"https:\\\/\\\/www.duechslegal.de\\\/en\\\/#website\"},\"primaryImageOfPage\":{\"@id\":\"https:\\\/\\\/www.duechslegal.de\\\/en\\\/kontakt\\\/#primaryimage\"},\"image\":{\"@id\":\"https:\\\/\\\/www.duechslegal.de\\\/en\\\/kontakt\\\/#primaryimage\"},\"thumbnailUrl\":\"https:\\\/\\\/www.duechslegal.de\\\/wp-content\\\/uploads\\\/elementor\\\/thumbs\\\/preview_2022_06_Duechs11372-scaled-pr1byrfjr1k4t516xmu7oyo7i8uv199r35n1ujspjg.jpg\",\"datePublished\":\"2022-07-01T16:03:35+00:00\",\"dateModified\":\"2022-08-18T15:08:30+00:00\",\"breadcrumb\":{\"@id\":\"https:\\\/\\\/www.duechslegal.de\\\/en\\\/kontakt\\\/#breadcrumb\"},\"inLanguage\":\"en-US\",\"potentialAction\":[{\"@type\":\"ReadAction\",\"target\":[\"https:\\\/\\\/www.duechslegal.de\\\/en\\\/kontakt\\\/\"]}]},{\"@type\":\"ImageObject\",\"inLanguage\":\"en-US\",\"@id\":\"https:\\\/\\\/www.duechslegal.de\\\/en\\\/kontakt\\\/#primaryimage\",\"url\":\"https:\\\/\\\/www.duechslegal.de\\\/wp-content\\\/uploads\\\/elementor\\\/thumbs\\\/preview_2022_06_Duechs11372-scaled-pr1byrfjr1k4t516xmu7oyo7i8uv199r35n1ujspjg.jpg\",\"contentUrl\":\"https:\\\/\\\/www.duechslegal.de\\\/wp-content\\\/uploads\\\/elementor\\\/thumbs\\\/preview_2022_06_Duechs11372-scaled-pr1byrfjr1k4t516xmu7oyo7i8uv199r35n1ujspjg.jpg\"},{\"@type\":\"BreadcrumbList\",\"@id\":\"https:\\\/\\\/www.duechslegal.de\\\/en\\\/kontakt\\\/#breadcrumb\",\"itemListElement\":[{\"@type\":\"ListItem\",\"position\":1,\"name\":\"Startseite\",\"item\":\"https:\\\/\\\/www.duechslegal.de\\\/en\\\/\"},{\"@type\":\"ListItem\",\"position\":2,\"name\":\"Contact\"}]},{\"@type\":\"WebSite\",\"@id\":\"https:\\\/\\\/www.duechslegal.de\\\/en\\\/#website\",\"url\":\"https:\\\/\\\/www.duechslegal.de\\\/en\\\/\",\"name\":\"D\u00fcchs Legal\",\"description\":\"\",\"publisher\":{\"@id\":\"https:\\\/\\\/www.duechslegal.de\\\/en\\\/#organization\"},\"potentialAction\":[{\"@type\":\"SearchAction\",\"target\":{\"@type\":\"EntryPoint\",\"urlTemplate\":\"https:\\\/\\\/www.duechslegal.de\\\/en\\\/?s={search_term_string}\"},\"query-input\":{\"@type\":\"PropertyValueSpecification\",\"valueRequired\":true,\"valueName\":\"search_term_string\"}}],\"inLanguage\":\"en-US\"},{\"@type\":\"Organization\",\"@id\":\"https:\\\/\\\/www.duechslegal.de\\\/en\\\/#organization\",\"name\":\"D\u00fcchs Rechtsanw\u00e4lte PartmbB\",\"url\":\"https:\\\/\\\/www.duechslegal.de\\\/en\\\/\",\"logo\":{\"@type\":\"ImageObject\",\"inLanguage\":\"en-US\",\"@id\":\"https:\\\/\\\/www.duechslegal.de\\\/en\\\/#\\\/schema\\\/logo\\\/image\\\/\",\"url\":\"https:\\\/\\\/www.duechslegal.de\\\/wp-content\\\/uploads\\\/2022\\\/06\\\/Duechs-Legal-RGB.svg\",\"contentUrl\":\"https:\\\/\\\/www.duechslegal.de\\\/wp-content\\\/uploads\\\/2022\\\/06\\\/Duechs-Legal-RGB.svg\",\"width\":1,\"height\":1,\"caption\":\"D\u00fcchs Rechtsanw\u00e4lte PartmbB\"},\"image\":{\"@id\":\"https:\\\/\\\/www.duechslegal.de\\\/en\\\/#\\\/schema\\\/logo\\\/image\\\/\"}}]}<\/script>\n<!-- \/ Yoast SEO plugin. -->","yoast_head_json":{"title":"Contact - D\u00fcchs Legal","robots":{"index":"index","follow":"follow","max-snippet":"max-snippet:-1","max-image-preview":"max-image-preview:large","max-video-preview":"max-video-preview:-1"},"canonical":"https:\/\/www.duechslegal.de\/en\/kontakt\/","og_locale":"en_US","og_type":"article","og_title":"Contact - D\u00fcchs Legal","og_description":"D\u00dcCHS LEGALD\u00fcchs Rechtsanw\u00e4lte PartmbBKonradstrasse 1680801 MunichGermany Phone +49 89 277 80 51 90Fax +49 89 277 80 51 90info@duechslegal.de If you have any questions about our office or would like more information, please feel free to email us.","og_url":"https:\/\/www.duechslegal.de\/en\/kontakt\/","og_site_name":"D\u00fcchs Legal","article_modified_time":"2022-08-18T15:08:30+00:00","og_image":[{"url":"https:\/\/www.duechslegal.de\/wp-content\/uploads\/elementor\/thumbs\/preview_2022_06_Duechs11372-scaled-pr1byrfjr1k4t516xmu7oyo7i8uv199r35n1ujspjg.jpg","type":"","width":"","height":""}],"twitter_card":"summary_large_image","schema":{"@context":"https:\/\/schema.org","@graph":[{"@type":"WebPage","@id":"https:\/\/www.duechslegal.de\/en\/kontakt\/","url":"https:\/\/www.duechslegal.de\/en\/kontakt\/","name":"Contact - D\u00fcchs Legal","isPartOf":{"@id":"https:\/\/www.duechslegal.de\/en\/#website"},"primaryImageOfPage":{"@id":"https:\/\/www.duechslegal.de\/en\/kontakt\/#primaryimage"},"image":{"@id":"https:\/\/www.duechslegal.de\/en\/kontakt\/#primaryimage"},"thumbnailUrl":"https:\/\/www.duechslegal.de\/wp-content\/uploads\/elementor\/thumbs\/preview_2022_06_Duechs11372-scaled-pr1byrfjr1k4t516xmu7oyo7i8uv199r35n1ujspjg.jpg","datePublished":"2022-07-01T16:03:35+00:00","dateModified":"2022-08-18T15:08:30+00:00","breadcrumb":{"@id":"https:\/\/www.duechslegal.de\/en\/kontakt\/#breadcrumb"},"inLanguage":"en-US","potentialAction":[{"@type":"ReadAction","target":["https:\/\/www.duechslegal.de\/en\/kontakt\/"]}]},{"@type":"ImageObject","inLanguage":"en-US","@id":"https:\/\/www.duechslegal.de\/en\/kontakt\/#primaryimage","url":"https:\/\/www.duechslegal.de\/wp-content\/uploads\/elementor\/thumbs\/preview_2022_06_Duechs11372-scaled-pr1byrfjr1k4t516xmu7oyo7i8uv199r35n1ujspjg.jpg","contentUrl":"https:\/\/www.duechslegal.de\/wp-content\/uploads\/elementor\/thumbs\/preview_2022_06_Duechs11372-scaled-pr1byrfjr1k4t516xmu7oyo7i8uv199r35n1ujspjg.jpg"},{"@type":"BreadcrumbList","@id":"https:\/\/www.duechslegal.de\/en\/kontakt\/#breadcrumb","itemListElement":[{"@type":"ListItem","position":1,"name":"Startseite","item":"https:\/\/www.duechslegal.de\/en\/"},{"@type":"ListItem","position":2,"name":"Contact"}]},{"@type":"WebSite","@id":"https:\/\/www.duechslegal.de\/en\/#website","url":"https:\/\/www.duechslegal.de\/en\/","name":"D\u00fcchs Legal","description":"","publisher":{"@id":"https:\/\/www.duechslegal.de\/en\/#organization"},"potentialAction":[{"@type":"SearchAction","target":{"@type":"EntryPoint","urlTemplate":"https:\/\/www.duechslegal.de\/en\/?s={search_term_string}"},"query-input":{"@type":"PropertyValueSpecification","valueRequired":true,"valueName":"search_term_string"}}],"inLanguage":"en-US"},{"@type":"Organization","@id":"https:\/\/www.duechslegal.de\/en\/#organization","name":"D\u00fcchs Rechtsanw\u00e4lte PartmbB","url":"https:\/\/www.duechslegal.de\/en\/","logo":{"@type":"ImageObject","inLanguage":"en-US","@id":"https:\/\/www.duechslegal.de\/en\/#\/schema\/logo\/image\/","url":"https:\/\/www.duechslegal.de\/wp-content\/uploads\/2022\/06\/Duechs-Legal-RGB.svg","contentUrl":"https:\/\/www.duechslegal.de\/wp-content\/uploads\/2022\/06\/Duechs-Legal-RGB.svg","width":1,"height":1,"caption":"D\u00fcchs Rechtsanw\u00e4lte PartmbB"},"image":{"@id":"https:\/\/www.duechslegal.de\/en\/#\/schema\/logo\/image\/"}}]}},"_links":{"self":[{"href":"https:\/\/www.duechslegal.de\/en\/wp-json\/wp\/v2\/pages\/777","targetHints":{"allow":["GET"]}}],"collection":[{"href":"https:\/\/www.duechslegal.de\/en\/wp-json\/wp\/v2\/pages"}],"about":[{"href":"https:\/\/www.duechslegal.de\/en\/wp-json\/wp\/v2\/types\/page"}],"author":[{"embeddable":true,"href":"https:\/\/www.duechslegal.de\/en\/wp-json\/wp\/v2\/users\/1"}],"replies":[{"embeddable":true,"href":"https:\/\/www.duechslegal.de\/en\/wp-json\/wp\/v2\/comments?post=777"}],"version-history":[{"count":10,"href":"https:\/\/www.duechslegal.de\/en\/wp-json\/wp\/v2\/pages\/777\/revisions"}],"predecessor-version":[{"id":1158,"href":"https:\/\/www.duechslegal.de\/en\/wp-json\/wp\/v2\/pages\/777\/revisions\/1158"}],"wp:attachment":[{"href":"https:\/\/www.duechslegal.de\/en\/wp-json\/wp\/v2\/media?parent=777"}],"curies":[{"name":"wp","href":"https:\/\/api.w.org\/{rel}","templated":true}]}}