{"id":565,"date":"2022-07-01T16:10:38","date_gmt":"2022-07-01T16:10:38","guid":{"rendered":"https:\/\/www.duechslegal.de\/?page_id=565"},"modified":"2022-07-21T15:31:24","modified_gmt":"2022-07-21T15:31:24","slug":"datenschutz","status":"publish","type":"page","link":"https:\/\/www.duechslegal.de\/de\/datenschutz\/","title":{"rendered":"Datenschutz"},"content":{"rendered":"\t\t<div data-elementor-type=\"wp-page\" data-elementor-id=\"565\" class=\"elementor elementor-565\" data-elementor-post-type=\"page\">\n\t\t\t\t\t\t<section class=\"elementor-section elementor-top-section elementor-element elementor-element-aab444c elementor-section-boxed elementor-section-height-default elementor-section-height-default\" data-id=\"aab444c\" data-element_type=\"section\" data-e-type=\"section\">\n\t\t\t\t\t\t<div class=\"elementor-container elementor-column-gap-wider\">\n\t\t\t\t\t<div class=\"elementor-column elementor-col-100 elementor-top-column elementor-element elementor-element-500faf2\" data-id=\"500faf2\" data-element_type=\"column\" data-e-type=\"column\">\n\t\t\t<div class=\"elementor-widget-wrap elementor-element-populated\">\n\t\t\t\t\t\t<div class=\"elementor-element elementor-element-ebebc42 elementor-widget elementor-widget-heading\" data-id=\"ebebc42\" data-element_type=\"widget\" data-e-type=\"widget\" data-widget_type=\"heading.default\">\n\t\t\t\t<div class=\"elementor-widget-container\">\n\t\t\t\t\t<h2 class=\"elementor-heading-title elementor-size-default\">Datenschutz<\/h2>\t\t\t\t<\/div>\n\t\t\t\t<\/div>\n\t\t\t\t<div class=\"elementor-element elementor-element-f03ecc9 elementor-widget elementor-widget-text-editor\" data-id=\"f03ecc9\" data-element_type=\"widget\" data-e-type=\"widget\" data-widget_type=\"text-editor.default\">\n\t\t\t\t<div class=\"elementor-widget-container\">\n\t\t\t\t\t\t\t\t\t<p>Der Schutz Ihrer personenbezogenen Daten ist uns wichtig. Nachfolgend informieren wir Sie \u00fcber die Verarbeitung der personenbezogenen Daten, die bei dem Besuch unserer Website www.duechslegal.de sowie Ihrer Kontaktaufnahme per E-Mail oder \u00fcber das Kontaktformular auf dieser Website gespeichert werden.<\/p><h3>I. Allgemeine Informationen<\/h3><p>Rechtsgrundlage f\u00fcr die Verarbeitung Ihrer personenbezogenen Daten im Sinne des Art. 4 Nr. 1 EU-Datenschutz-Grundverordnung (DSGVO) durch D\u00fcchs Legal ist Art. 6 Abs. 1 lit. a DSGVO. Die Verarbeitung personenbezogener Daten, welche zur Erf\u00fcllung unserer vertraglichen oder vorvertraglichen Pflichten ben\u00f6tigen, erfolgt auf Grundlage des Art. 6 Abs. 1 lit. b DSGVO.<\/p><p>Ihre personenbezogenen Daten werden gel\u00f6scht oder gesperrt, sobald der Zweck ihrer Verarbeitung entfallen ist. Eine dar\u00fcberhinausgehende Verarbeitung kann dann erfolgen, sofern dies zur Erf\u00fcllung gesetzlicher Pflichten erforderlich ist.<\/p><h3>II. Verantwortlicher<\/h3><p>Verantwortlich gem\u00e4\u00df Art. 4 Nr. 7 DSGVO und anderer nationaler Datenschutzgesetze ist die:<\/p><p>D\u00fcchs Rechtsanw\u00e4lte Partnerschaft mbB<br \/>Konradstra\u00dfe 16<br \/>80801 M\u00fcnchen<br \/>T +49 89 277 80 51 90<br \/>F +49 89 277 80 51 99<br \/>info@duechslegal.de<\/p><h3>III. Verarbeitung personenbezogener Daten<\/h3><p>Wenn Sie unsere Website besuchen, speichert unser Server automatisch die nachfolgenden Daten \u00fcber das zugreifende System:<\/p><ul><li>Browsertyp und verwendete Version<\/li><li>Betriebssystem<\/li><li>Internet-Service-Provider<\/li><li>IP-Adresse<\/li><li>Datum und Uhrzeit des Zugriffs<\/li><li>Websites, von denen Ihr System auf unsere Website gelangt ist (Referrer-URL)<\/li><li>Websites, die von Ihrem System \u00fcber unsere Website aufgerufen werden.<\/li><\/ul><p>Rechtsgrundlage f\u00fcr die Verarbeitung dieser Daten ist Art. 6 Abs. 1 lit. f DSGVO.<\/p><p>Der Zweck der Verarbeitung der genannten Daten liegt darin, diese Website technisch zug\u00e4nglich zu machen, potenzielle technische Probleme schnellstm\u00f6glich zu beheben zu k\u00f6nnen und einen Missbrauch unseres Webangebots zu verhindern.<\/p><p>Daneben werden Daten in anonymisierter Form f\u00fcr statistische Zwecke gespeichert. Auch dies liegt in unserem berechtigten Interesse an der Verarbeitung nach Art. 6 Abs. 1 lit. f DSGVO. Diese Daten werden gel\u00f6scht, sobald sie f\u00fcr die Erreichung des Zwecks ihrer Verarbeitung nicht mehr erforderlich sind, sprich bei Beendigung der jeweiligen Sitzung.<\/p><h3>IV. Cookies<\/h3><p>Diese Website verwendet ausschlie\u00dflich notwendige Cookies. Rechtsgrundlage f\u00fcr die Verarbeitung personenbezogener Daten unter Verwendung von Cookies ist Art. 6 Abs. 1 lit. f DS-GVO.<\/p><p>Bei Cookies handelt es sich um kleine Textdateien, die automatisch auf Ihrem Endger\u00e4t gespeichert werden, wenn Sie unsere Website besuchen. Sie erm\u00f6glichen es uns, diese Website ansprechend zu gestalten und die Nutzung der Website zu erleichtern.<\/p><p>Die in den Cookies gespeicherten Informationen werden keineswegs dazu verwendet den Nutzer zu identifizieren; ebenso wenig f\u00fchren wir sie mit anderen personenbezogenen Daten zusammen.<\/p><p>\u00dcber das Cookie-Banner auf unserer Startseite k\u00f6nnen Sie dem Setzen von Cookies zustimmen oder widersprechen. Lassen Sie keine Cookies zu, k\u00f6nnen Sie unserer Website eventuell nicht uneingeschr\u00e4nkt nutzen.<\/p><h3>V. Social Media Plug-ins<\/h3><p>Wir setzen auf unserer Website keine Social Plug-ins sozialer Netzwerke ein. Allerdings enth\u00e4lt unsere Seite Verlinkungen auf die Seiten unserer Anw\u00e4lte auf LinkedIn und gegebenfalls weitere soziale Netzwerke, die durch entsprechende Symbole gekennzeichnet sind.<\/p><p>Eine \u00dcbermittlung von Daten an diese sozialen Netzwerke findet nicht statt, solange Sie dieses nicht durch einen Klick auf diese Symbole selbst entscheiden. Es \u00f6ffnet sich dann eine neue Seite, durch das Sie in das entsprechende soziale Netzwerk weitergeleitet werden.<\/p><h3>VI. Speichern von Daten im Zuge einer Kontaktaufnahme<\/h3><p>Nehmen Sie \u00fcber per E-Mail oder \u00fcber das Kontaktformular auf www.duechslegal.de Kontakt zu uns auf, wird Ihre E-Mail-Adresse gespeichert. Zus\u00e4tzlich speichern wir die freiwillig von Ihnen \u00fcbermittelten Daten wie beispielsweise Name und Anschrift, sofern diese Daten f\u00fcr die Bearbeitung Ihrer Anfrage erforderlich sind.<\/p><p>Ihre Daten werden gel\u00f6scht, sobald sie f\u00fcr die Erreichung des Zwecks ihrer Erhebung nicht mehr erforderlich sind. Ihre Daten werden auch gel\u00f6scht, sofern seit dem letzten Kontakt mit Ihnen ein Jahr vergangen ist, es sei denn wir sind gesetzlich zur Speicherung Ihrer Daten verpflichtet oder es hat sich aus Ihrer Kontaktaufnahme mit uns ein Mandatsverh\u00e4ltnis zwischen Ihnen und D\u00fcchs Legal entwickelt; in diesem Fall sind wir zur weiteren Verarbeitung Ihrer personenbezogenen Daten gesetzlich verpflichtet oder jedenfalls berechtigt. Wir informieren Sie in diesem Fall gesondert \u00fcber die Verarbeitung Ihrer personenbezogenen Daten. Rechtsgrundlage f\u00fcr die Verarbeitung Ihrer Daten, die Sie bei einer Kontaktaufnahme an uns \u00fcbermitteln, ist Art. 6 Abs. 1 lit. b DS-GVO.<\/p><p>Wenn Sie sich per E-Mail initiativ oder auf eine Stellenanzeige beworben haben, verarbeiten wir die folgenden personenbezogene Daten:<\/p><ul><li>Name und Vorname, ggf. Titel<\/li><li>Staatsangeh\u00f6rigkeit<\/li><li>ggf. Familienstand<\/li><li>Anschrift, Telefonnummer und E-Mail-Adresse<\/li><li>Qualifikationsbezogene Informationen (z.B. Studien- und Ausbildungsabschl\u00fcsse, Studienleistungen, weitere im Lebenslauf enthaltene Informationen)<\/li><li>ggf. Ihr Foto<\/li><\/ul><p>Soweit Ihre Daten zur Durchf\u00fchrung des Bewerbungsverfahrens erforderlich sind, ist Art. 88 DS-GVO i.V.m. \u00a7 26 Bundesdatenschutzgesetz neue Fassung (BDSG) die Rechtsgrundlage f\u00fcr die Verarbeitung Ihrer Daten.<\/p><p>Ist Ihre Bewerbung bei D\u00fcchs Legal erfolgreich, speichern wir Ihre Daten f\u00fcr die Dauer des Besch\u00e4ftigungsverh\u00e4ltnisses. Nach Ihrem Ausscheiden speichern wir Ihre Daten maximal drei Jahre zu Beweissicherungszwecken.<\/p><p>War Ihre Bewerbung nicht erfolgreich, speichern wir Ihre personenbezogenen Daten maximal f\u00fcr sechs Monate nach Abschluss des Bewerbungsverfahrens zu Beweissicherungszwecken und l\u00f6schen diese anschlie\u00dfend.<\/p><h3>VII. Betroffenenrechte<\/h3><p>Werden Ihre personenbezogenen Daten verarbeitet, sind Sie Betroffener im Sinne der DSGVO. Es stehen Ihnen daher verschiedene Rechte gegen\u00fcber uns als dem datenschutzrechtlich Verantwortlichen zu. Dies sind im Einzelnen:<\/p><ul><li>Recht auf Auskunft, ob und welche personenbezogenen Daten wir zu Ihrer Person verarbeiten<\/li><li>bei Vorliegen der entsprechenden gesetzlichen Voraussetzungen: Recht auf Berichtigung und L\u00f6schung dieser Daten<\/li><li>Recht auf Einschr\u00e4nkung der Verarbeitung der Sie betreffenden personenbezogenen Daten<\/li><li>Recht auf Widerspruch gegen die Verarbeitung oder Nutzung Ihrer personenbezogenen Daten f\u00fcr Zwecke der Werbung, Markt- und Meinungsforschung und der gesch\u00e4ftsm\u00e4\u00dfigen Datenverarbeitung<\/li><li>Recht auf Widerspruch gegen die Verarbeitung Ihrer personenbezogenen Daten (Dies gilt nicht, sofern wir gesetzlich zur Verarbeitung dieser Daten verpflichtet oder berechtigt sind.)<\/li><li>Recht auf Widerruf einer von Ihnen zuvor erteilten Einwilligung in die Verarbeitung Ihrer personenbezogenen Daten f\u00fcr die Zukunft; durch einen solchen Widerruf wird die Rechtm\u00e4\u00dfigkeit der aufgrund der Einwilligung bis zum Widerruf erfolgten Verarbeitung nicht ber\u00fchrt.<\/li><\/ul><p>Zur Aus\u00fcbung der zuvor genannten Rechte wenden Sie sich per E-Mail an:\u00a0info@duechslegal.de<\/p><h3>VIII. Stand und \u00c4nderung dieser Datenschutzerkl\u00e4rung<\/h3><p>Stand dieser Datenschutzerkl\u00e4rung ist Juli 2022. Durch die Weiterentwicklung unserer Website kann es notwendig werden, diese Datenschutzerkl\u00e4rung zu \u00e4ndern. Die jeweils aktuelle Datenschutzerkl\u00e4rung k\u00f6nnen sie jederzeit auf dieser Website unter https:\/\/www.duechslegal.de\/datenschutz abrufen.<\/p>\t\t\t\t\t\t\t\t<\/div>\n\t\t\t\t<\/div>\n\t\t\t\t\t<\/div>\n\t\t<\/div>\n\t\t\t\t\t<\/div>\n\t\t<\/section>\n\t\t\t\t<\/div>\n\t\t","protected":false},"excerpt":{"rendered":"<p>Der Schutz Ihrer personenbezogenen Daten ist uns wichtig. Nachfolgend informieren wir Sie \u00fcber die Verarbeitung der personenbezogenen Daten, die bei dem Besuch unserer Website www.duechslegal.de sowie Ihrer Kontaktaufnahme per E-Mail oder \u00fcber das Kontaktformular auf dieser Website gespeichert werden. I. Allgemeine Informationen Rechtsgrundlage f\u00fcr die Verarbeitung Ihrer personenbezogenen Daten im Sinne des Art. 4 Nr. [&hellip;]<\/p>\n","protected":false},"author":1,"featured_media":0,"parent":0,"menu_order":0,"comment_status":"closed","ping_status":"closed","template":"","meta":{"_acf_changed":false,"footnotes":""},"class_list":["post-565","page","type-page","status-publish","hentry"],"acf":[],"yoast_head":"<!-- This site is optimized with the Yoast SEO plugin v27.5 - https:\/\/yoast.com\/product\/yoast-seo-wordpress\/ -->\n<title>Datenschutz - D\u00fcchs Legal<\/title>\n<meta name=\"robots\" content=\"index, follow, max-snippet:-1, max-image-preview:large, max-video-preview:-1\" \/>\n<link rel=\"canonical\" href=\"https:\/\/www.duechslegal.de\/de\/datenschutz\/\" \/>\n<meta property=\"og:locale\" content=\"de_DE\" \/>\n<meta property=\"og:type\" content=\"article\" \/>\n<meta property=\"og:title\" content=\"Datenschutz - D\u00fcchs Legal\" \/>\n<meta property=\"og:description\" content=\"Der Schutz Ihrer personenbezogenen Daten ist uns wichtig. Nachfolgend informieren wir Sie \u00fcber die Verarbeitung der personenbezogenen Daten, die bei dem Besuch unserer Website www.duechslegal.de sowie Ihrer Kontaktaufnahme per E-Mail oder \u00fcber das Kontaktformular auf dieser Website gespeichert werden. I. Allgemeine Informationen Rechtsgrundlage f\u00fcr die Verarbeitung Ihrer personenbezogenen Daten im Sinne des Art. 4 Nr. [&hellip;]\" \/>\n<meta property=\"og:url\" content=\"https:\/\/www.duechslegal.de\/de\/datenschutz\/\" \/>\n<meta property=\"og:site_name\" content=\"D\u00fcchs Legal\" \/>\n<meta property=\"article:modified_time\" content=\"2022-07-21T15:31:24+00:00\" \/>\n<meta name=\"twitter:card\" content=\"summary_large_image\" \/>\n<meta name=\"twitter:label1\" content=\"Gesch\u00e4tzte Lesezeit\" \/>\n\t<meta name=\"twitter:data1\" content=\"6\u00a0Minuten\" \/>\n<script type=\"application\/ld+json\" class=\"yoast-schema-graph\">{\"@context\":\"https:\\\/\\\/schema.org\",\"@graph\":[{\"@type\":\"WebPage\",\"@id\":\"https:\\\/\\\/www.duechslegal.de\\\/de\\\/datenschutz\\\/\",\"url\":\"https:\\\/\\\/www.duechslegal.de\\\/de\\\/datenschutz\\\/\",\"name\":\"Datenschutz - D\u00fcchs Legal\",\"isPartOf\":{\"@id\":\"https:\\\/\\\/www.duechslegal.de\\\/de\\\/#website\"},\"datePublished\":\"2022-07-01T16:10:38+00:00\",\"dateModified\":\"2022-07-21T15:31:24+00:00\",\"breadcrumb\":{\"@id\":\"https:\\\/\\\/www.duechslegal.de\\\/de\\\/datenschutz\\\/#breadcrumb\"},\"inLanguage\":\"de\",\"potentialAction\":[{\"@type\":\"ReadAction\",\"target\":[\"https:\\\/\\\/www.duechslegal.de\\\/de\\\/datenschutz\\\/\"]}]},{\"@type\":\"BreadcrumbList\",\"@id\":\"https:\\\/\\\/www.duechslegal.de\\\/de\\\/datenschutz\\\/#breadcrumb\",\"itemListElement\":[{\"@type\":\"ListItem\",\"position\":1,\"name\":\"Startseite\",\"item\":\"https:\\\/\\\/www.duechslegal.de\\\/de\\\/\"},{\"@type\":\"ListItem\",\"position\":2,\"name\":\"Datenschutz\"}]},{\"@type\":\"WebSite\",\"@id\":\"https:\\\/\\\/www.duechslegal.de\\\/de\\\/#website\",\"url\":\"https:\\\/\\\/www.duechslegal.de\\\/de\\\/\",\"name\":\"D\u00fcchs Legal\",\"description\":\"\",\"publisher\":{\"@id\":\"https:\\\/\\\/www.duechslegal.de\\\/de\\\/#organization\"},\"potentialAction\":[{\"@type\":\"SearchAction\",\"target\":{\"@type\":\"EntryPoint\",\"urlTemplate\":\"https:\\\/\\\/www.duechslegal.de\\\/de\\\/?s={search_term_string}\"},\"query-input\":{\"@type\":\"PropertyValueSpecification\",\"valueRequired\":true,\"valueName\":\"search_term_string\"}}],\"inLanguage\":\"de\"},{\"@type\":\"Organization\",\"@id\":\"https:\\\/\\\/www.duechslegal.de\\\/de\\\/#organization\",\"name\":\"D\u00fcchs Rechtsanw\u00e4lte PartmbB\",\"url\":\"https:\\\/\\\/www.duechslegal.de\\\/de\\\/\",\"logo\":{\"@type\":\"ImageObject\",\"inLanguage\":\"de\",\"@id\":\"https:\\\/\\\/www.duechslegal.de\\\/de\\\/#\\\/schema\\\/logo\\\/image\\\/\",\"url\":\"https:\\\/\\\/www.duechslegal.de\\\/wp-content\\\/uploads\\\/2022\\\/06\\\/Duechs-Legal-RGB.svg\",\"contentUrl\":\"https:\\\/\\\/www.duechslegal.de\\\/wp-content\\\/uploads\\\/2022\\\/06\\\/Duechs-Legal-RGB.svg\",\"width\":1,\"height\":1,\"caption\":\"D\u00fcchs Rechtsanw\u00e4lte PartmbB\"},\"image\":{\"@id\":\"https:\\\/\\\/www.duechslegal.de\\\/de\\\/#\\\/schema\\\/logo\\\/image\\\/\"}}]}<\/script>\n<!-- \/ Yoast SEO plugin. -->","yoast_head_json":{"title":"Datenschutz - D\u00fcchs Legal","robots":{"index":"index","follow":"follow","max-snippet":"max-snippet:-1","max-image-preview":"max-image-preview:large","max-video-preview":"max-video-preview:-1"},"canonical":"https:\/\/www.duechslegal.de\/de\/datenschutz\/","og_locale":"de_DE","og_type":"article","og_title":"Datenschutz - D\u00fcchs Legal","og_description":"Der Schutz Ihrer personenbezogenen Daten ist uns wichtig. Nachfolgend informieren wir Sie \u00fcber die Verarbeitung der personenbezogenen Daten, die bei dem Besuch unserer Website www.duechslegal.de sowie Ihrer Kontaktaufnahme per E-Mail oder \u00fcber das Kontaktformular auf dieser Website gespeichert werden. I. Allgemeine Informationen Rechtsgrundlage f\u00fcr die Verarbeitung Ihrer personenbezogenen Daten im Sinne des Art. 4 Nr. [&hellip;]","og_url":"https:\/\/www.duechslegal.de\/de\/datenschutz\/","og_site_name":"D\u00fcchs Legal","article_modified_time":"2022-07-21T15:31:24+00:00","twitter_card":"summary_large_image","twitter_misc":{"Gesch\u00e4tzte Lesezeit":"6\u00a0Minuten"},"schema":{"@context":"https:\/\/schema.org","@graph":[{"@type":"WebPage","@id":"https:\/\/www.duechslegal.de\/de\/datenschutz\/","url":"https:\/\/www.duechslegal.de\/de\/datenschutz\/","name":"Datenschutz - D\u00fcchs Legal","isPartOf":{"@id":"https:\/\/www.duechslegal.de\/de\/#website"},"datePublished":"2022-07-01T16:10:38+00:00","dateModified":"2022-07-21T15:31:24+00:00","breadcrumb":{"@id":"https:\/\/www.duechslegal.de\/de\/datenschutz\/#breadcrumb"},"inLanguage":"de","potentialAction":[{"@type":"ReadAction","target":["https:\/\/www.duechslegal.de\/de\/datenschutz\/"]}]},{"@type":"BreadcrumbList","@id":"https:\/\/www.duechslegal.de\/de\/datenschutz\/#breadcrumb","itemListElement":[{"@type":"ListItem","position":1,"name":"Startseite","item":"https:\/\/www.duechslegal.de\/de\/"},{"@type":"ListItem","position":2,"name":"Datenschutz"}]},{"@type":"WebSite","@id":"https:\/\/www.duechslegal.de\/de\/#website","url":"https:\/\/www.duechslegal.de\/de\/","name":"D\u00fcchs Legal","description":"","publisher":{"@id":"https:\/\/www.duechslegal.de\/de\/#organization"},"potentialAction":[{"@type":"SearchAction","target":{"@type":"EntryPoint","urlTemplate":"https:\/\/www.duechslegal.de\/de\/?s={search_term_string}"},"query-input":{"@type":"PropertyValueSpecification","valueRequired":true,"valueName":"search_term_string"}}],"inLanguage":"de"},{"@type":"Organization","@id":"https:\/\/www.duechslegal.de\/de\/#organization","name":"D\u00fcchs Rechtsanw\u00e4lte PartmbB","url":"https:\/\/www.duechslegal.de\/de\/","logo":{"@type":"ImageObject","inLanguage":"de","@id":"https:\/\/www.duechslegal.de\/de\/#\/schema\/logo\/image\/","url":"https:\/\/www.duechslegal.de\/wp-content\/uploads\/2022\/06\/Duechs-Legal-RGB.svg","contentUrl":"https:\/\/www.duechslegal.de\/wp-content\/uploads\/2022\/06\/Duechs-Legal-RGB.svg","width":1,"height":1,"caption":"D\u00fcchs Rechtsanw\u00e4lte PartmbB"},"image":{"@id":"https:\/\/www.duechslegal.de\/de\/#\/schema\/logo\/image\/"}}]}},"_links":{"self":[{"href":"https:\/\/www.duechslegal.de\/de\/wp-json\/wp\/v2\/pages\/565","targetHints":{"allow":["GET"]}}],"collection":[{"href":"https:\/\/www.duechslegal.de\/de\/wp-json\/wp\/v2\/pages"}],"about":[{"href":"https:\/\/www.duechslegal.de\/de\/wp-json\/wp\/v2\/types\/page"}],"author":[{"embeddable":true,"href":"https:\/\/www.duechslegal.de\/de\/wp-json\/wp\/v2\/users\/1"}],"replies":[{"embeddable":true,"href":"https:\/\/www.duechslegal.de\/de\/wp-json\/wp\/v2\/comments?post=565"}],"version-history":[{"count":10,"href":"https:\/\/www.duechslegal.de\/de\/wp-json\/wp\/v2\/pages\/565\/revisions"}],"predecessor-version":[{"id":1054,"href":"https:\/\/www.duechslegal.de\/de\/wp-json\/wp\/v2\/pages\/565\/revisions\/1054"}],"wp:attachment":[{"href":"https:\/\/www.duechslegal.de\/de\/wp-json\/wp\/v2\/media?parent=565"}],"curies":[{"name":"wp","href":"https:\/\/api.w.org\/{rel}","templated":true}]}}