{"id":554,"date":"2022-07-01T16:06:53","date_gmt":"2022-07-01T16:06:53","guid":{"rendered":"https:\/\/www.duechslegal.de\/?page_id=554"},"modified":"2022-07-21T15:29:54","modified_gmt":"2022-07-21T15:29:54","slug":"impressum","status":"publish","type":"page","link":"https:\/\/www.duechslegal.de\/de\/impressum\/","title":{"rendered":"Impressum"},"content":{"rendered":"\t\t<div data-elementor-type=\"wp-page\" data-elementor-id=\"554\" class=\"elementor elementor-554\" data-elementor-post-type=\"page\">\n\t\t\t\t\t\t<section class=\"elementor-section elementor-top-section elementor-element elementor-element-aab444c elementor-section-boxed elementor-section-height-default elementor-section-height-default\" data-id=\"aab444c\" data-element_type=\"section\" data-e-type=\"section\">\n\t\t\t\t\t\t<div class=\"elementor-container elementor-column-gap-wider\">\n\t\t\t\t\t<div class=\"elementor-column elementor-col-100 elementor-top-column elementor-element elementor-element-500faf2\" data-id=\"500faf2\" data-element_type=\"column\" data-e-type=\"column\">\n\t\t\t<div class=\"elementor-widget-wrap elementor-element-populated\">\n\t\t\t\t\t\t<div class=\"elementor-element elementor-element-ebebc42 elementor-widget elementor-widget-heading\" data-id=\"ebebc42\" data-element_type=\"widget\" data-e-type=\"widget\" data-widget_type=\"heading.default\">\n\t\t\t\t<div class=\"elementor-widget-container\">\n\t\t\t\t\t<h2 class=\"elementor-heading-title elementor-size-default\">Impressum<\/h2>\t\t\t\t<\/div>\n\t\t\t\t<\/div>\n\t\t\t\t<div class=\"elementor-element elementor-element-f03ecc9 elementor-widget elementor-widget-text-editor\" data-id=\"f03ecc9\" data-element_type=\"widget\" data-e-type=\"widget\" data-widget_type=\"text-editor.default\">\n\t\t\t\t<div class=\"elementor-widget-container\">\n\t\t\t\t\t\t\t\t\t<p>D\u00dcCHS LEGAL<br \/>D\u00fcchs Rechtsanw\u00e4lte\u00a0Partnerschaft mbB<br \/>Konradstra\u00dfe 16<br \/>80801 M\u00fcnchen<br \/>T +49 89 277 80 51 90<br \/>F +49 89 277 80 51 99<br \/>info@duechslegal.de<\/p><h3><b>Rechtsform und Register<\/b><\/h3><p>D\u00fcchs Rechtsanw\u00e4lte Partnerschaft mbB ist eine Partnerschaftsgesellschaft mit beschr\u00e4nkter Berufshaftung nach Ma\u00dfgabe des Partnerschaftsgesellschaftsgesetzes, eingetragen im Partnerschaftsregister des Amtsgerichts M\u00fcnchen, PR 2283.<\/p><h3>Partner und Vertretungsberechtigung<\/h3><p>Partner und ausschlie\u00dflich vertretungsberechtigt sind Uwe D\u00fcchs und Dr. Christian Sturm.<\/p><h3>Berufsbezeichnung und zust\u00e4ndige Kammer (zugleich Aufsichtsbeh\u00f6rde)<\/h3><p>Die Partner sind Mitglieder der Rechtsanwaltskammer M\u00fcnchen, die als zust\u00e4ndige Aufsichtsbeh\u00f6rde fungiert.<\/p><h3>Berufsrechtliche Regelungen<\/h3><p>Die ma\u00dfgeblichen berufsrechtlichen Regelungen lauten:<br \/>\u2013 Bundesrechtsanwaltsordnung (BRAO)<br \/>\u2013 Berufsordnung f\u00fcr Rechtsanw\u00e4lte (BORA)<br \/>\u2013 Fachanwaltsordnungen der Bundesrechtsanwaltskammer (FAO)<br \/>\u2013 Gesetz \u00fcber die Verg\u00fctung von Rechtsanw\u00e4ltinnen und Rechtsanw\u00e4lten (RVG)<br \/>\u2013 Berufsregeln der Rechtsanw\u00e4lte der Europ\u00e4ischen Union (CCBE)<br \/>Die berufsrechtlichen Regelungen k\u00f6nnen \u00fcber die Homepage der Bundesrechtsanwaltskammer (www.brak.de) in der Rubrik \u201eBerufsrecht\u201c auf Deutsch und Englisch eingesehen und abgerufen werden.<\/p><h3>Au\u00dfergerichtliche Streitschlichtung<\/h3><p>Auf Antrag besteht die M\u00f6glichkeit der au\u00dfergerichtlichen Streitschlichtung bei der Rechtsanwaltskammer M\u00fcnchen gem\u00e4\u00df \u00a7 73 Abs. 2 Nr. 3 i. V. m. Abs. 5 BRAO oder bei der Streitschlichtungsstelle der Rechtsanwaltschaft (\u00a7 191 f. BRAO) der Bundesrechtsanwaltskammer, im Internet zu finden \u00fcber die Website der Bundesrechtsanwaltskammer (www.brak.de), E-Mail: schlichtungsstelle(at)brak.de.<\/p><h3>Redaktionelle Verantwortung f\u00fcr diese Website i. S. d. \u00a7 7 Abs. 2 TMG<\/h3><p>Uwe D\u00fcchs und Dr. Christian Sturm<\/p><div>\u00a0<\/div><div>\u00a0<\/div><div>\u00a0<\/div>\t\t\t\t\t\t\t\t<\/div>\n\t\t\t\t<\/div>\n\t\t\t\t\t<\/div>\n\t\t<\/div>\n\t\t\t\t\t<\/div>\n\t\t<\/section>\n\t\t\t\t<\/div>\n\t\t","protected":false},"excerpt":{"rendered":"<p>D\u00dcCHS LEGALD\u00fcchs Rechtsanw\u00e4lte\u00a0Partnerschaft mbBKonradstra\u00dfe 1680801 M\u00fcnchenT +49 89 277 80 51 90F +49 89 277 80 51 99info@duechslegal.de Rechtsform und Register D\u00fcchs Rechtsanw\u00e4lte Partnerschaft mbB ist eine Partnerschaftsgesellschaft mit beschr\u00e4nkter Berufshaftung nach Ma\u00dfgabe des Partnerschaftsgesellschaftsgesetzes, eingetragen im Partnerschaftsregister des Amtsgerichts M\u00fcnchen, PR 2283. Partner und Vertretungsberechtigung Partner und ausschlie\u00dflich vertretungsberechtigt sind Uwe D\u00fcchs und Dr. [&hellip;]<\/p>\n","protected":false},"author":1,"featured_media":0,"parent":0,"menu_order":0,"comment_status":"closed","ping_status":"closed","template":"","meta":{"_acf_changed":false,"footnotes":""},"class_list":["post-554","page","type-page","status-publish","hentry"],"acf":[],"yoast_head":"<!-- This site is optimized with the Yoast SEO plugin v27.5 - https:\/\/yoast.com\/product\/yoast-seo-wordpress\/ -->\n<title>Impressum - D\u00fcchs Legal<\/title>\n<meta name=\"robots\" content=\"index, follow, max-snippet:-1, max-image-preview:large, max-video-preview:-1\" \/>\n<link rel=\"canonical\" href=\"https:\/\/www.duechslegal.de\/de\/impressum\/\" \/>\n<meta property=\"og:locale\" content=\"de_DE\" \/>\n<meta property=\"og:type\" content=\"article\" \/>\n<meta property=\"og:title\" content=\"Impressum - D\u00fcchs Legal\" \/>\n<meta property=\"og:description\" content=\"D\u00dcCHS LEGALD\u00fcchs Rechtsanw\u00e4lte\u00a0Partnerschaft mbBKonradstra\u00dfe 1680801 M\u00fcnchenT +49 89 277 80 51 90F +49 89 277 80 51 99info@duechslegal.de Rechtsform und Register D\u00fcchs Rechtsanw\u00e4lte Partnerschaft mbB ist eine Partnerschaftsgesellschaft mit beschr\u00e4nkter Berufshaftung nach Ma\u00dfgabe des Partnerschaftsgesellschaftsgesetzes, eingetragen im Partnerschaftsregister des Amtsgerichts M\u00fcnchen, PR 2283. Partner und Vertretungsberechtigung Partner und ausschlie\u00dflich vertretungsberechtigt sind Uwe D\u00fcchs und Dr. [&hellip;]\" \/>\n<meta property=\"og:url\" content=\"https:\/\/www.duechslegal.de\/de\/impressum\/\" \/>\n<meta property=\"og:site_name\" content=\"D\u00fcchs Legal\" \/>\n<meta property=\"article:modified_time\" content=\"2022-07-21T15:29:54+00:00\" \/>\n<meta name=\"twitter:card\" content=\"summary_large_image\" \/>\n<meta name=\"twitter:label1\" content=\"Gesch\u00e4tzte Lesezeit\" \/>\n\t<meta name=\"twitter:data1\" content=\"2\u00a0Minuten\" \/>\n<script type=\"application\/ld+json\" class=\"yoast-schema-graph\">{\"@context\":\"https:\\\/\\\/schema.org\",\"@graph\":[{\"@type\":\"WebPage\",\"@id\":\"https:\\\/\\\/www.duechslegal.de\\\/de\\\/impressum\\\/\",\"url\":\"https:\\\/\\\/www.duechslegal.de\\\/de\\\/impressum\\\/\",\"name\":\"Impressum - D\u00fcchs Legal\",\"isPartOf\":{\"@id\":\"https:\\\/\\\/www.duechslegal.de\\\/de\\\/#website\"},\"datePublished\":\"2022-07-01T16:06:53+00:00\",\"dateModified\":\"2022-07-21T15:29:54+00:00\",\"breadcrumb\":{\"@id\":\"https:\\\/\\\/www.duechslegal.de\\\/de\\\/impressum\\\/#breadcrumb\"},\"inLanguage\":\"de\",\"potentialAction\":[{\"@type\":\"ReadAction\",\"target\":[\"https:\\\/\\\/www.duechslegal.de\\\/de\\\/impressum\\\/\"]}]},{\"@type\":\"BreadcrumbList\",\"@id\":\"https:\\\/\\\/www.duechslegal.de\\\/de\\\/impressum\\\/#breadcrumb\",\"itemListElement\":[{\"@type\":\"ListItem\",\"position\":1,\"name\":\"Startseite\",\"item\":\"https:\\\/\\\/www.duechslegal.de\\\/de\\\/\"},{\"@type\":\"ListItem\",\"position\":2,\"name\":\"Impressum\"}]},{\"@type\":\"WebSite\",\"@id\":\"https:\\\/\\\/www.duechslegal.de\\\/de\\\/#website\",\"url\":\"https:\\\/\\\/www.duechslegal.de\\\/de\\\/\",\"name\":\"D\u00fcchs Legal\",\"description\":\"\",\"publisher\":{\"@id\":\"https:\\\/\\\/www.duechslegal.de\\\/de\\\/#organization\"},\"potentialAction\":[{\"@type\":\"SearchAction\",\"target\":{\"@type\":\"EntryPoint\",\"urlTemplate\":\"https:\\\/\\\/www.duechslegal.de\\\/de\\\/?s={search_term_string}\"},\"query-input\":{\"@type\":\"PropertyValueSpecification\",\"valueRequired\":true,\"valueName\":\"search_term_string\"}}],\"inLanguage\":\"de\"},{\"@type\":\"Organization\",\"@id\":\"https:\\\/\\\/www.duechslegal.de\\\/de\\\/#organization\",\"name\":\"D\u00fcchs Rechtsanw\u00e4lte PartmbB\",\"url\":\"https:\\\/\\\/www.duechslegal.de\\\/de\\\/\",\"logo\":{\"@type\":\"ImageObject\",\"inLanguage\":\"de\",\"@id\":\"https:\\\/\\\/www.duechslegal.de\\\/de\\\/#\\\/schema\\\/logo\\\/image\\\/\",\"url\":\"https:\\\/\\\/www.duechslegal.de\\\/wp-content\\\/uploads\\\/2022\\\/06\\\/Duechs-Legal-RGB.svg\",\"contentUrl\":\"https:\\\/\\\/www.duechslegal.de\\\/wp-content\\\/uploads\\\/2022\\\/06\\\/Duechs-Legal-RGB.svg\",\"width\":1,\"height\":1,\"caption\":\"D\u00fcchs Rechtsanw\u00e4lte PartmbB\"},\"image\":{\"@id\":\"https:\\\/\\\/www.duechslegal.de\\\/de\\\/#\\\/schema\\\/logo\\\/image\\\/\"}}]}<\/script>\n<!-- \/ Yoast SEO plugin. -->","yoast_head_json":{"title":"Impressum - D\u00fcchs Legal","robots":{"index":"index","follow":"follow","max-snippet":"max-snippet:-1","max-image-preview":"max-image-preview:large","max-video-preview":"max-video-preview:-1"},"canonical":"https:\/\/www.duechslegal.de\/de\/impressum\/","og_locale":"de_DE","og_type":"article","og_title":"Impressum - D\u00fcchs Legal","og_description":"D\u00dcCHS LEGALD\u00fcchs Rechtsanw\u00e4lte\u00a0Partnerschaft mbBKonradstra\u00dfe 1680801 M\u00fcnchenT +49 89 277 80 51 90F +49 89 277 80 51 99info@duechslegal.de Rechtsform und Register D\u00fcchs Rechtsanw\u00e4lte Partnerschaft mbB ist eine Partnerschaftsgesellschaft mit beschr\u00e4nkter Berufshaftung nach Ma\u00dfgabe des Partnerschaftsgesellschaftsgesetzes, eingetragen im Partnerschaftsregister des Amtsgerichts M\u00fcnchen, PR 2283. Partner und Vertretungsberechtigung Partner und ausschlie\u00dflich vertretungsberechtigt sind Uwe D\u00fcchs und Dr. [&hellip;]","og_url":"https:\/\/www.duechslegal.de\/de\/impressum\/","og_site_name":"D\u00fcchs Legal","article_modified_time":"2022-07-21T15:29:54+00:00","twitter_card":"summary_large_image","twitter_misc":{"Gesch\u00e4tzte Lesezeit":"2\u00a0Minuten"},"schema":{"@context":"https:\/\/schema.org","@graph":[{"@type":"WebPage","@id":"https:\/\/www.duechslegal.de\/de\/impressum\/","url":"https:\/\/www.duechslegal.de\/de\/impressum\/","name":"Impressum - D\u00fcchs Legal","isPartOf":{"@id":"https:\/\/www.duechslegal.de\/de\/#website"},"datePublished":"2022-07-01T16:06:53+00:00","dateModified":"2022-07-21T15:29:54+00:00","breadcrumb":{"@id":"https:\/\/www.duechslegal.de\/de\/impressum\/#breadcrumb"},"inLanguage":"de","potentialAction":[{"@type":"ReadAction","target":["https:\/\/www.duechslegal.de\/de\/impressum\/"]}]},{"@type":"BreadcrumbList","@id":"https:\/\/www.duechslegal.de\/de\/impressum\/#breadcrumb","itemListElement":[{"@type":"ListItem","position":1,"name":"Startseite","item":"https:\/\/www.duechslegal.de\/de\/"},{"@type":"ListItem","position":2,"name":"Impressum"}]},{"@type":"WebSite","@id":"https:\/\/www.duechslegal.de\/de\/#website","url":"https:\/\/www.duechslegal.de\/de\/","name":"D\u00fcchs Legal","description":"","publisher":{"@id":"https:\/\/www.duechslegal.de\/de\/#organization"},"potentialAction":[{"@type":"SearchAction","target":{"@type":"EntryPoint","urlTemplate":"https:\/\/www.duechslegal.de\/de\/?s={search_term_string}"},"query-input":{"@type":"PropertyValueSpecification","valueRequired":true,"valueName":"search_term_string"}}],"inLanguage":"de"},{"@type":"Organization","@id":"https:\/\/www.duechslegal.de\/de\/#organization","name":"D\u00fcchs Rechtsanw\u00e4lte PartmbB","url":"https:\/\/www.duechslegal.de\/de\/","logo":{"@type":"ImageObject","inLanguage":"de","@id":"https:\/\/www.duechslegal.de\/de\/#\/schema\/logo\/image\/","url":"https:\/\/www.duechslegal.de\/wp-content\/uploads\/2022\/06\/Duechs-Legal-RGB.svg","contentUrl":"https:\/\/www.duechslegal.de\/wp-content\/uploads\/2022\/06\/Duechs-Legal-RGB.svg","width":1,"height":1,"caption":"D\u00fcchs Rechtsanw\u00e4lte PartmbB"},"image":{"@id":"https:\/\/www.duechslegal.de\/de\/#\/schema\/logo\/image\/"}}]}},"_links":{"self":[{"href":"https:\/\/www.duechslegal.de\/de\/wp-json\/wp\/v2\/pages\/554","targetHints":{"allow":["GET"]}}],"collection":[{"href":"https:\/\/www.duechslegal.de\/de\/wp-json\/wp\/v2\/pages"}],"about":[{"href":"https:\/\/www.duechslegal.de\/de\/wp-json\/wp\/v2\/types\/page"}],"author":[{"embeddable":true,"href":"https:\/\/www.duechslegal.de\/de\/wp-json\/wp\/v2\/users\/1"}],"replies":[{"embeddable":true,"href":"https:\/\/www.duechslegal.de\/de\/wp-json\/wp\/v2\/comments?post=554"}],"version-history":[{"count":10,"href":"https:\/\/www.duechslegal.de\/de\/wp-json\/wp\/v2\/pages\/554\/revisions"}],"predecessor-version":[{"id":1051,"href":"https:\/\/www.duechslegal.de\/de\/wp-json\/wp\/v2\/pages\/554\/revisions\/1051"}],"wp:attachment":[{"href":"https:\/\/www.duechslegal.de\/de\/wp-json\/wp\/v2\/media?parent=554"}],"curies":[{"name":"wp","href":"https:\/\/api.w.org\/{rel}","templated":true}]}}