{"id":549,"date":"2022-07-01T16:03:35","date_gmt":"2022-07-01T16:03:35","guid":{"rendered":"https:\/\/www.duechslegal.de\/?page_id=549"},"modified":"2022-08-18T15:07:28","modified_gmt":"2022-08-18T15:07:28","slug":"kontakt","status":"publish","type":"page","link":"https:\/\/www.duechslegal.de\/de\/kontakt\/","title":{"rendered":"Kontakt"},"content":{"rendered":"\t\t<div data-elementor-type=\"wp-page\" data-elementor-id=\"549\" class=\"elementor elementor-549\" data-elementor-post-type=\"page\">\n\t\t\t\t\t\t<section class=\"elementor-section elementor-top-section elementor-element elementor-element-aab444c elementor-section-boxed elementor-section-height-default elementor-section-height-default\" data-id=\"aab444c\" data-element_type=\"section\" data-e-type=\"section\">\n\t\t\t\t\t\t<div class=\"elementor-container elementor-column-gap-wider\">\n\t\t\t\t\t<div class=\"elementor-column elementor-col-100 elementor-top-column elementor-element elementor-element-500faf2\" data-id=\"500faf2\" data-element_type=\"column\" data-e-type=\"column\">\n\t\t\t<div class=\"elementor-widget-wrap elementor-element-populated\">\n\t\t\t\t\t\t<div class=\"elementor-element elementor-element-d584142 elementor-widget elementor-widget-image\" data-id=\"d584142\" data-element_type=\"widget\" data-e-type=\"widget\" data-widget_type=\"image.default\">\n\t\t\t\t<div class=\"elementor-widget-container\">\n\t\t\t\t\t\t\t\t\t\t\t\t\t\t\t<img decoding=\"async\" src=\"https:\/\/www.duechslegal.de\/wp-content\/uploads\/elementor\/thumbs\/preview_2022_06_Duechs11372-scaled-pr1byrfjr1k4t516xmu7oyo7i8uv199r35n1ujspjg.jpg\" title=\"preview_2022_06_Duechs11372\" alt=\"preview_2022_06_Duechs11372\" loading=\"lazy\" \/>\t\t\t\t\t\t\t\t\t\t\t\t\t\t\t<\/div>\n\t\t\t\t<\/div>\n\t\t\t\t<div class=\"elementor-element elementor-element-ebebc42 elementor-widget elementor-widget-heading\" data-id=\"ebebc42\" data-element_type=\"widget\" data-e-type=\"widget\" data-widget_type=\"heading.default\">\n\t\t\t\t<div class=\"elementor-widget-container\">\n\t\t\t\t\t<h2 class=\"elementor-heading-title elementor-size-default\">Kontakt<\/h2>\t\t\t\t<\/div>\n\t\t\t\t<\/div>\n\t\t\t\t<div class=\"elementor-element elementor-element-f03ecc9 elementor-widget elementor-widget-text-editor\" data-id=\"f03ecc9\" data-element_type=\"widget\" data-e-type=\"widget\" data-widget_type=\"text-editor.default\">\n\t\t\t\t<div class=\"elementor-widget-container\">\n\t\t\t\t\t\t\t\t\t<p>D\u00dcCHS LEGAL<br \/>D\u00fcchs Rechtsanw\u00e4lte Partnerschaft mbB<br \/>Konradstra\u00dfe 16<br \/>80801 M\u00fcnchen<br \/>Telefon +49 89 277 80 51 90<br \/>Telefax +49 89 277 80 51 99<br \/><a href=\"mailto:info@duechslegal.de\">info@duechslegal.de<\/a><\/p><p><span dir=\"ltr\" role=\"presentation\">Wenn Sie Fragen zu unserer Kanzlei haben oder n\u00e4here Informationen w\u00fcnschen, senden <\/span><span dir=\"ltr\" role=\"presentation\">Sie uns gerne eine <a href=\"mailto:info@duechslegal.de\">E-Mail<\/a>.<\/span><span style=\"color: var( --e-global-color-text );\">\u00a0<\/span><\/p>\t\t\t\t\t\t\t\t<\/div>\n\t\t\t\t<\/div>\n\t\t\t\t\t<\/div>\n\t\t<\/div>\n\t\t\t\t\t<\/div>\n\t\t<\/section>\n\t\t\t\t<\/div>\n\t\t","protected":false},"excerpt":{"rendered":"<p>D\u00dcCHS LEGALD\u00fcchs Rechtsanw\u00e4lte Partnerschaft mbBKonradstra\u00dfe 1680801 M\u00fcnchenTelefon +49 89 277 80 51 90Telefax +49 89 277 80 51 99info@duechslegal.de Wenn Sie Fragen zu unserer Kanzlei haben oder n\u00e4here Informationen w\u00fcnschen, senden Sie uns gerne eine E-Mail.\u00a0<\/p>\n","protected":false},"author":1,"featured_media":0,"parent":0,"menu_order":0,"comment_status":"closed","ping_status":"closed","template":"","meta":{"_acf_changed":false,"footnotes":""},"class_list":["post-549","page","type-page","status-publish","hentry"],"acf":[],"yoast_head":"<!-- This site is optimized with the Yoast SEO plugin v27.5 - https:\/\/yoast.com\/product\/yoast-seo-wordpress\/ -->\n<title>Kontakt - D\u00fcchs Legal<\/title>\n<meta name=\"robots\" content=\"index, follow, max-snippet:-1, max-image-preview:large, max-video-preview:-1\" \/>\n<link rel=\"canonical\" href=\"https:\/\/www.duechslegal.de\/de\/kontakt\/\" \/>\n<meta property=\"og:locale\" content=\"de_DE\" \/>\n<meta property=\"og:type\" content=\"article\" \/>\n<meta property=\"og:title\" content=\"Kontakt - D\u00fcchs Legal\" \/>\n<meta property=\"og:description\" content=\"D\u00dcCHS LEGALD\u00fcchs Rechtsanw\u00e4lte Partnerschaft mbBKonradstra\u00dfe 1680801 M\u00fcnchenTelefon +49 89 277 80 51 90Telefax +49 89 277 80 51 99info@duechslegal.de Wenn Sie Fragen zu unserer Kanzlei haben oder n\u00e4here Informationen w\u00fcnschen, senden Sie uns gerne eine E-Mail.\u00a0\" \/>\n<meta property=\"og:url\" content=\"https:\/\/www.duechslegal.de\/de\/kontakt\/\" \/>\n<meta property=\"og:site_name\" content=\"D\u00fcchs Legal\" \/>\n<meta property=\"article:modified_time\" content=\"2022-08-18T15:07:28+00:00\" \/>\n<meta property=\"og:image\" content=\"https:\/\/www.duechslegal.de\/wp-content\/uploads\/elementor\/thumbs\/preview_2022_06_Duechs11372-scaled-pr1byrfjr1k4t516xmu7oyo7i8uv199r35n1ujspjg.jpg\" \/>\n<meta name=\"twitter:card\" content=\"summary_large_image\" \/>\n<meta name=\"twitter:label1\" content=\"Gesch\u00e4tzte Lesezeit\" \/>\n\t<meta name=\"twitter:data1\" content=\"1\u00a0Minute\" \/>\n<script type=\"application\/ld+json\" class=\"yoast-schema-graph\">{\"@context\":\"https:\\\/\\\/schema.org\",\"@graph\":[{\"@type\":\"WebPage\",\"@id\":\"https:\\\/\\\/www.duechslegal.de\\\/de\\\/kontakt\\\/\",\"url\":\"https:\\\/\\\/www.duechslegal.de\\\/de\\\/kontakt\\\/\",\"name\":\"Kontakt - D\u00fcchs Legal\",\"isPartOf\":{\"@id\":\"https:\\\/\\\/www.duechslegal.de\\\/de\\\/#website\"},\"primaryImageOfPage\":{\"@id\":\"https:\\\/\\\/www.duechslegal.de\\\/de\\\/kontakt\\\/#primaryimage\"},\"image\":{\"@id\":\"https:\\\/\\\/www.duechslegal.de\\\/de\\\/kontakt\\\/#primaryimage\"},\"thumbnailUrl\":\"https:\\\/\\\/www.duechslegal.de\\\/wp-content\\\/uploads\\\/elementor\\\/thumbs\\\/preview_2022_06_Duechs11372-scaled-pr1byrfjr1k4t516xmu7oyo7i8uv199r35n1ujspjg.jpg\",\"datePublished\":\"2022-07-01T16:03:35+00:00\",\"dateModified\":\"2022-08-18T15:07:28+00:00\",\"breadcrumb\":{\"@id\":\"https:\\\/\\\/www.duechslegal.de\\\/de\\\/kontakt\\\/#breadcrumb\"},\"inLanguage\":\"de\",\"potentialAction\":[{\"@type\":\"ReadAction\",\"target\":[\"https:\\\/\\\/www.duechslegal.de\\\/de\\\/kontakt\\\/\"]}]},{\"@type\":\"ImageObject\",\"inLanguage\":\"de\",\"@id\":\"https:\\\/\\\/www.duechslegal.de\\\/de\\\/kontakt\\\/#primaryimage\",\"url\":\"https:\\\/\\\/www.duechslegal.de\\\/wp-content\\\/uploads\\\/elementor\\\/thumbs\\\/preview_2022_06_Duechs11372-scaled-pr1byrfjr1k4t516xmu7oyo7i8uv199r35n1ujspjg.jpg\",\"contentUrl\":\"https:\\\/\\\/www.duechslegal.de\\\/wp-content\\\/uploads\\\/elementor\\\/thumbs\\\/preview_2022_06_Duechs11372-scaled-pr1byrfjr1k4t516xmu7oyo7i8uv199r35n1ujspjg.jpg\"},{\"@type\":\"BreadcrumbList\",\"@id\":\"https:\\\/\\\/www.duechslegal.de\\\/de\\\/kontakt\\\/#breadcrumb\",\"itemListElement\":[{\"@type\":\"ListItem\",\"position\":1,\"name\":\"Startseite\",\"item\":\"https:\\\/\\\/www.duechslegal.de\\\/de\\\/\"},{\"@type\":\"ListItem\",\"position\":2,\"name\":\"Kontakt\"}]},{\"@type\":\"WebSite\",\"@id\":\"https:\\\/\\\/www.duechslegal.de\\\/de\\\/#website\",\"url\":\"https:\\\/\\\/www.duechslegal.de\\\/de\\\/\",\"name\":\"D\u00fcchs Legal\",\"description\":\"\",\"publisher\":{\"@id\":\"https:\\\/\\\/www.duechslegal.de\\\/de\\\/#organization\"},\"potentialAction\":[{\"@type\":\"SearchAction\",\"target\":{\"@type\":\"EntryPoint\",\"urlTemplate\":\"https:\\\/\\\/www.duechslegal.de\\\/de\\\/?s={search_term_string}\"},\"query-input\":{\"@type\":\"PropertyValueSpecification\",\"valueRequired\":true,\"valueName\":\"search_term_string\"}}],\"inLanguage\":\"de\"},{\"@type\":\"Organization\",\"@id\":\"https:\\\/\\\/www.duechslegal.de\\\/de\\\/#organization\",\"name\":\"D\u00fcchs Rechtsanw\u00e4lte PartmbB\",\"url\":\"https:\\\/\\\/www.duechslegal.de\\\/de\\\/\",\"logo\":{\"@type\":\"ImageObject\",\"inLanguage\":\"de\",\"@id\":\"https:\\\/\\\/www.duechslegal.de\\\/de\\\/#\\\/schema\\\/logo\\\/image\\\/\",\"url\":\"https:\\\/\\\/www.duechslegal.de\\\/wp-content\\\/uploads\\\/2022\\\/06\\\/Duechs-Legal-RGB.svg\",\"contentUrl\":\"https:\\\/\\\/www.duechslegal.de\\\/wp-content\\\/uploads\\\/2022\\\/06\\\/Duechs-Legal-RGB.svg\",\"width\":1,\"height\":1,\"caption\":\"D\u00fcchs Rechtsanw\u00e4lte PartmbB\"},\"image\":{\"@id\":\"https:\\\/\\\/www.duechslegal.de\\\/de\\\/#\\\/schema\\\/logo\\\/image\\\/\"}}]}<\/script>\n<!-- \/ Yoast SEO plugin. -->","yoast_head_json":{"title":"Kontakt - D\u00fcchs Legal","robots":{"index":"index","follow":"follow","max-snippet":"max-snippet:-1","max-image-preview":"max-image-preview:large","max-video-preview":"max-video-preview:-1"},"canonical":"https:\/\/www.duechslegal.de\/de\/kontakt\/","og_locale":"de_DE","og_type":"article","og_title":"Kontakt - D\u00fcchs Legal","og_description":"D\u00dcCHS LEGALD\u00fcchs Rechtsanw\u00e4lte Partnerschaft mbBKonradstra\u00dfe 1680801 M\u00fcnchenTelefon +49 89 277 80 51 90Telefax +49 89 277 80 51 99info@duechslegal.de Wenn Sie Fragen zu unserer Kanzlei haben oder n\u00e4here Informationen w\u00fcnschen, senden Sie uns gerne eine E-Mail.\u00a0","og_url":"https:\/\/www.duechslegal.de\/de\/kontakt\/","og_site_name":"D\u00fcchs Legal","article_modified_time":"2022-08-18T15:07:28+00:00","og_image":[{"url":"https:\/\/www.duechslegal.de\/wp-content\/uploads\/elementor\/thumbs\/preview_2022_06_Duechs11372-scaled-pr1byrfjr1k4t516xmu7oyo7i8uv199r35n1ujspjg.jpg","type":"","width":"","height":""}],"twitter_card":"summary_large_image","twitter_misc":{"Gesch\u00e4tzte Lesezeit":"1\u00a0Minute"},"schema":{"@context":"https:\/\/schema.org","@graph":[{"@type":"WebPage","@id":"https:\/\/www.duechslegal.de\/de\/kontakt\/","url":"https:\/\/www.duechslegal.de\/de\/kontakt\/","name":"Kontakt - D\u00fcchs Legal","isPartOf":{"@id":"https:\/\/www.duechslegal.de\/de\/#website"},"primaryImageOfPage":{"@id":"https:\/\/www.duechslegal.de\/de\/kontakt\/#primaryimage"},"image":{"@id":"https:\/\/www.duechslegal.de\/de\/kontakt\/#primaryimage"},"thumbnailUrl":"https:\/\/www.duechslegal.de\/wp-content\/uploads\/elementor\/thumbs\/preview_2022_06_Duechs11372-scaled-pr1byrfjr1k4t516xmu7oyo7i8uv199r35n1ujspjg.jpg","datePublished":"2022-07-01T16:03:35+00:00","dateModified":"2022-08-18T15:07:28+00:00","breadcrumb":{"@id":"https:\/\/www.duechslegal.de\/de\/kontakt\/#breadcrumb"},"inLanguage":"de","potentialAction":[{"@type":"ReadAction","target":["https:\/\/www.duechslegal.de\/de\/kontakt\/"]}]},{"@type":"ImageObject","inLanguage":"de","@id":"https:\/\/www.duechslegal.de\/de\/kontakt\/#primaryimage","url":"https:\/\/www.duechslegal.de\/wp-content\/uploads\/elementor\/thumbs\/preview_2022_06_Duechs11372-scaled-pr1byrfjr1k4t516xmu7oyo7i8uv199r35n1ujspjg.jpg","contentUrl":"https:\/\/www.duechslegal.de\/wp-content\/uploads\/elementor\/thumbs\/preview_2022_06_Duechs11372-scaled-pr1byrfjr1k4t516xmu7oyo7i8uv199r35n1ujspjg.jpg"},{"@type":"BreadcrumbList","@id":"https:\/\/www.duechslegal.de\/de\/kontakt\/#breadcrumb","itemListElement":[{"@type":"ListItem","position":1,"name":"Startseite","item":"https:\/\/www.duechslegal.de\/de\/"},{"@type":"ListItem","position":2,"name":"Kontakt"}]},{"@type":"WebSite","@id":"https:\/\/www.duechslegal.de\/de\/#website","url":"https:\/\/www.duechslegal.de\/de\/","name":"D\u00fcchs Legal","description":"","publisher":{"@id":"https:\/\/www.duechslegal.de\/de\/#organization"},"potentialAction":[{"@type":"SearchAction","target":{"@type":"EntryPoint","urlTemplate":"https:\/\/www.duechslegal.de\/de\/?s={search_term_string}"},"query-input":{"@type":"PropertyValueSpecification","valueRequired":true,"valueName":"search_term_string"}}],"inLanguage":"de"},{"@type":"Organization","@id":"https:\/\/www.duechslegal.de\/de\/#organization","name":"D\u00fcchs Rechtsanw\u00e4lte PartmbB","url":"https:\/\/www.duechslegal.de\/de\/","logo":{"@type":"ImageObject","inLanguage":"de","@id":"https:\/\/www.duechslegal.de\/de\/#\/schema\/logo\/image\/","url":"https:\/\/www.duechslegal.de\/wp-content\/uploads\/2022\/06\/Duechs-Legal-RGB.svg","contentUrl":"https:\/\/www.duechslegal.de\/wp-content\/uploads\/2022\/06\/Duechs-Legal-RGB.svg","width":1,"height":1,"caption":"D\u00fcchs Rechtsanw\u00e4lte PartmbB"},"image":{"@id":"https:\/\/www.duechslegal.de\/de\/#\/schema\/logo\/image\/"}}]}},"_links":{"self":[{"href":"https:\/\/www.duechslegal.de\/de\/wp-json\/wp\/v2\/pages\/549","targetHints":{"allow":["GET"]}}],"collection":[{"href":"https:\/\/www.duechslegal.de\/de\/wp-json\/wp\/v2\/pages"}],"about":[{"href":"https:\/\/www.duechslegal.de\/de\/wp-json\/wp\/v2\/types\/page"}],"author":[{"embeddable":true,"href":"https:\/\/www.duechslegal.de\/de\/wp-json\/wp\/v2\/users\/1"}],"replies":[{"embeddable":true,"href":"https:\/\/www.duechslegal.de\/de\/wp-json\/wp\/v2\/comments?post=549"}],"version-history":[{"count":10,"href":"https:\/\/www.duechslegal.de\/de\/wp-json\/wp\/v2\/pages\/549\/revisions"}],"predecessor-version":[{"id":1157,"href":"https:\/\/www.duechslegal.de\/de\/wp-json\/wp\/v2\/pages\/549\/revisions\/1157"}],"wp:attachment":[{"href":"https:\/\/www.duechslegal.de\/de\/wp-json\/wp\/v2\/media?parent=549"}],"curies":[{"name":"wp","href":"https:\/\/api.w.org\/{rel}","templated":true}]}}