{"id":103,"date":"2022-06-29T17:25:52","date_gmt":"2022-06-29T17:25:52","guid":{"rendered":"https:\/\/www.duechslegal.de\/?page_id=103"},"modified":"2022-07-04T09:48:36","modified_gmt":"2022-07-04T09:48:36","slug":"profil","status":"publish","type":"page","link":"https:\/\/www.duechslegal.de\/de\/profil\/","title":{"rendered":"Profil"},"content":{"rendered":"\t\t<div data-elementor-type=\"wp-page\" data-elementor-id=\"103\" class=\"elementor elementor-103\" data-elementor-post-type=\"page\">\n\t\t\t\t\t\t<section class=\"elementor-section elementor-top-section elementor-element elementor-element-aab444c elementor-section-boxed elementor-section-height-default elementor-section-height-default\" data-id=\"aab444c\" data-element_type=\"section\" data-e-type=\"section\">\n\t\t\t\t\t\t<div class=\"elementor-container elementor-column-gap-wider\">\n\t\t\t\t\t<div class=\"elementor-column elementor-col-100 elementor-top-column elementor-element elementor-element-500faf2\" data-id=\"500faf2\" data-element_type=\"column\" data-e-type=\"column\">\n\t\t\t<div class=\"elementor-widget-wrap elementor-element-populated\">\n\t\t\t\t\t\t<div class=\"elementor-element elementor-element-fae978c elementor-widget elementor-widget-image\" data-id=\"fae978c\" data-element_type=\"widget\" data-e-type=\"widget\" data-widget_type=\"image.default\">\n\t\t\t\t<div class=\"elementor-widget-container\">\n\t\t\t\t\t\t\t\t\t\t\t\t\t\t\t<img decoding=\"async\" src=\"https:\/\/www.duechslegal.de\/wp-content\/uploads\/elementor\/thumbs\/preview_2022_06_Duechs11233-RET-scaled-pr1byjwz3sepzdymb316so6ybr251vc012j3ki8ahc.jpg\" title=\"preview_2022_06_Duechs11233-RET\" alt=\"preview_2022_06_Duechs11233-RET\" loading=\"lazy\" \/>\t\t\t\t\t\t\t\t\t\t\t\t\t\t\t<\/div>\n\t\t\t\t<\/div>\n\t\t\t\t<div class=\"elementor-element elementor-element-ebebc42 elementor-widget elementor-widget-heading\" data-id=\"ebebc42\" data-element_type=\"widget\" data-e-type=\"widget\" data-widget_type=\"heading.default\">\n\t\t\t\t<div class=\"elementor-widget-container\">\n\t\t\t\t\t<h2 class=\"elementor-heading-title elementor-size-default\">Wirtschaftsrecht f\u00fcr den Mittelstand<\/h2>\t\t\t\t<\/div>\n\t\t\t\t<\/div>\n\t\t\t\t<div class=\"elementor-element elementor-element-911299e elementor-widget elementor-widget-text-editor\" data-id=\"911299e\" data-element_type=\"widget\" data-e-type=\"widget\" data-widget_type=\"text-editor.default\">\n\t\t\t\t<div class=\"elementor-widget-container\">\n\t\t\t\t\t\t\t\t\t<p>D\u00fcchs Legal steht f\u00fcr fachlich erstklassige und praxisnahe Rechtsberatung in den Bereichen Corporate, Commercial und Dispute Resolution. Vom Standort M\u00fcnchen aus begleiten wir vor allem mittelst\u00e4ndische Unternehmen in allen Fragen des Wirtschaftsrechts.<\/p><p>Wir sind Ansprechpartner f\u00fcr Gesch\u00e4ftsf\u00fchrerinnen und Gesch\u00e4ftsf\u00fchrer sowie Gesellschafterinnen und Gesellschafter, wenn es um die Einsch\u00e4tzung strategischer Unternehmensentscheidungen und ihrer juristischen Implikationen geht. Rechtsabteilungen unterst\u00fctzen wir, wann immer erg\u00e4nzende Expertise oder Ressourcen ben\u00f6tigt werden. Zudem vertrauen uns wissenschaftliche Organisationen und Forschungseinrichtungen die Mandatsf\u00fchrung zu diversen Rechtsthemen an.<\/p><p>Vor dem Hintergrund unserer langj\u00e4hrigen Erfahrung unterst\u00fctzen wir unsere Mandantinnen und Mandanten projektbegleitend, \u00fcbernehmen aber vor allem auch die fortlaufende Beratung \u2013 und dies zumeist \u00fcber viele Jahre. Dabei \u00fcbernehmen wir auch die Verhandlung komplexer Vertr\u00e4ge. Auf einen umfangreichen Track Record k\u00f6nnen wir zudem im Bereich Konfliktl\u00f6sung verweisen. Hier ist unser Ansatz in erster Linie streitvermeidend. L\u00e4sst sich ein Konflikt nicht einvernehmlich l\u00f6sen, \u00fcbernehmen wir die Vertretung vor den Zivil- und Schiedsgerichten.<\/p>\t\t\t\t\t\t\t\t<\/div>\n\t\t\t\t<\/div>\n\t\t\t\t<div class=\"elementor-element elementor-element-895980b elementor-widget elementor-widget-heading\" data-id=\"895980b\" data-element_type=\"widget\" data-e-type=\"widget\" data-widget_type=\"heading.default\">\n\t\t\t\t<div class=\"elementor-widget-container\">\n\t\t\t\t\t<h3 class=\"elementor-heading-title elementor-size-default\">Unsere Beratungsleistungen<\/h3>\t\t\t\t<\/div>\n\t\t\t\t<\/div>\n\t\t\t\t<div class=\"elementor-element elementor-element-837a1c3 elementor-icon-list--layout-traditional elementor-list-item-link-full_width elementor-widget elementor-widget-icon-list\" data-id=\"837a1c3\" data-element_type=\"widget\" data-e-type=\"widget\" data-widget_type=\"icon-list.default\">\n\t\t\t\t<div class=\"elementor-widget-container\">\n\t\t\t\t\t\t\t<ul class=\"elementor-icon-list-items\">\n\t\t\t\t\t\t\t<li class=\"elementor-icon-list-item\">\n\t\t\t\t\t\t\t\t\t\t\t<a href=\"\/expertise#arbeit-und-soziales\">\n\n\t\t\t\t\t\t\t\t\t\t\t<span class=\"elementor-icon-list-text\">Arbeit und Soziales<\/span>\n\t\t\t\t\t\t\t\t\t\t\t<\/a>\n\t\t\t\t\t\t\t\t\t<\/li>\n\t\t\t\t\t\t\t\t<li class=\"elementor-icon-list-item\">\n\t\t\t\t\t\t\t\t\t\t\t<a href=\"\/expertise#finanzierung\">\n\n\t\t\t\t\t\t\t\t\t\t\t<span class=\"elementor-icon-list-text\">Finanzierung<\/span>\n\t\t\t\t\t\t\t\t\t\t\t<\/a>\n\t\t\t\t\t\t\t\t\t<\/li>\n\t\t\t\t\t\t\t\t<li class=\"elementor-icon-list-item\">\n\t\t\t\t\t\t\t\t\t\t\t<a href=\"\/expertise#gruenden-und-gestalten\">\n\n\t\t\t\t\t\t\t\t\t\t\t<span class=\"elementor-icon-list-text\">Gr\u00fcnden und Gestalten<\/span>\n\t\t\t\t\t\t\t\t\t\t\t<\/a>\n\t\t\t\t\t\t\t\t\t<\/li>\n\t\t\t\t\t\t\t\t<li class=\"elementor-icon-list-item\">\n\t\t\t\t\t\t\t\t\t\t\t<a href=\"\/expertise#geistiges-eigentum-und-wettbewerb\">\n\n\t\t\t\t\t\t\t\t\t\t\t<span class=\"elementor-icon-list-text\">Geistiges Eigentum und Wettbewerb<\/span>\n\t\t\t\t\t\t\t\t\t\t\t<\/a>\n\t\t\t\t\t\t\t\t\t<\/li>\n\t\t\t\t\t\t\t\t<li class=\"elementor-icon-list-item\">\n\t\t\t\t\t\t\t\t\t\t\t<a href=\"\/expertise#handel-und-vertrieb\">\n\n\t\t\t\t\t\t\t\t\t\t\t<span class=\"elementor-icon-list-text\">Handel und Vertrieb<\/span>\n\t\t\t\t\t\t\t\t\t\t\t<\/a>\n\t\t\t\t\t\t\t\t\t<\/li>\n\t\t\t\t\t\t\t\t<li class=\"elementor-icon-list-item\">\n\t\t\t\t\t\t\t\t\t\t\t<a href=\"\/expertise#nachfolge\">\n\n\t\t\t\t\t\t\t\t\t\t\t<span class=\"elementor-icon-list-text\">Nachfolge<\/span>\n\t\t\t\t\t\t\t\t\t\t\t<\/a>\n\t\t\t\t\t\t\t\t\t<\/li>\n\t\t\t\t\t\t\t\t<li class=\"elementor-icon-list-item\">\n\t\t\t\t\t\t\t\t\t\t\t<a href=\"\/expertise#prozesse-und-schiedsverfahren\">\n\n\t\t\t\t\t\t\t\t\t\t\t<span class=\"elementor-icon-list-text\">Prozesse und Schiedsverfahren<\/span>\n\t\t\t\t\t\t\t\t\t\t\t<\/a>\n\t\t\t\t\t\t\t\t\t<\/li>\n\t\t\t\t\t\t\t\t<li class=\"elementor-icon-list-item\">\n\t\t\t\t\t\t\t\t\t\t\t<a href=\"\/expertise#wachsen-und-wandeln\">\n\n\t\t\t\t\t\t\t\t\t\t\t<span class=\"elementor-icon-list-text\">Wachsen und Wandeln<\/span>\n\t\t\t\t\t\t\t\t\t\t\t<\/a>\n\t\t\t\t\t\t\t\t\t<\/li>\n\t\t\t\t\t\t<\/ul>\n\t\t\t\t\t\t<\/div>\n\t\t\t\t<\/div>\n\t\t\t\t\t<\/div>\n\t\t<\/div>\n\t\t\t\t\t<\/div>\n\t\t<\/section>\n\t\t\t\t<\/div>\n\t\t","protected":false},"excerpt":{"rendered":"<p>Wirtschaftsrecht f\u00fcr den Mittelstand D\u00fcchs Legal steht f\u00fcr fachlich erstklassige und praxisnahe Rechtsberatung in den Bereichen Corporate, Commercial und Dispute Resolution. Vom Standort M\u00fcnchen aus begleiten wir vor allem mittelst\u00e4ndische Unternehmen in allen Fragen des Wirtschaftsrechts. Wir sind Ansprechpartner f\u00fcr Gesch\u00e4ftsf\u00fchrerinnen und Gesch\u00e4ftsf\u00fchrer sowie Gesellschafterinnen und Gesellschafter, wenn es um die Einsch\u00e4tzung strategischer Unternehmensentscheidungen und [&hellip;]<\/p>\n","protected":false},"author":1,"featured_media":0,"parent":0,"menu_order":0,"comment_status":"closed","ping_status":"closed","template":"","meta":{"_acf_changed":false,"footnotes":""},"class_list":["post-103","page","type-page","status-publish","hentry"],"acf":[],"yoast_head":"<!-- This site is optimized with the Yoast SEO plugin v27.4 - https:\/\/yoast.com\/product\/yoast-seo-wordpress\/ -->\n<title>Profil - D\u00fcchs Legal<\/title>\n<meta name=\"robots\" content=\"index, follow, max-snippet:-1, max-image-preview:large, max-video-preview:-1\" \/>\n<link rel=\"canonical\" href=\"https:\/\/www.duechslegal.de\/de\/profil\/\" \/>\n<meta property=\"og:locale\" content=\"de_DE\" \/>\n<meta property=\"og:type\" content=\"article\" \/>\n<meta property=\"og:title\" content=\"Profil - D\u00fcchs Legal\" \/>\n<meta property=\"og:description\" content=\"Wirtschaftsrecht f\u00fcr den Mittelstand D\u00fcchs Legal steht f\u00fcr fachlich erstklassige und praxisnahe Rechtsberatung in den Bereichen Corporate, Commercial und Dispute Resolution. Vom Standort M\u00fcnchen aus begleiten wir vor allem mittelst\u00e4ndische Unternehmen in allen Fragen des Wirtschaftsrechts. Wir sind Ansprechpartner f\u00fcr Gesch\u00e4ftsf\u00fchrerinnen und Gesch\u00e4ftsf\u00fchrer sowie Gesellschafterinnen und Gesellschafter, wenn es um die Einsch\u00e4tzung strategischer Unternehmensentscheidungen und [&hellip;]\" \/>\n<meta property=\"og:url\" content=\"https:\/\/www.duechslegal.de\/de\/profil\/\" \/>\n<meta property=\"og:site_name\" content=\"D\u00fcchs Legal\" \/>\n<meta property=\"article:modified_time\" content=\"2022-07-04T09:48:36+00:00\" \/>\n<meta property=\"og:image\" content=\"https:\/\/www.duechslegal.de\/wp-content\/uploads\/elementor\/thumbs\/preview_2022_06_Duechs11233-RET-scaled-pr1byjwz3sepzdymb316so6ybr251vc012j3ki8ahc.jpg\" \/>\n<meta name=\"twitter:card\" content=\"summary_large_image\" \/>\n<meta name=\"twitter:label1\" content=\"Gesch\u00e4tzte Lesezeit\" \/>\n\t<meta name=\"twitter:data1\" content=\"2\u00a0Minuten\" \/>\n<script type=\"application\/ld+json\" class=\"yoast-schema-graph\">{\"@context\":\"https:\\\/\\\/schema.org\",\"@graph\":[{\"@type\":\"WebPage\",\"@id\":\"https:\\\/\\\/www.duechslegal.de\\\/de\\\/profil\\\/\",\"url\":\"https:\\\/\\\/www.duechslegal.de\\\/de\\\/profil\\\/\",\"name\":\"Profil - D\u00fcchs Legal\",\"isPartOf\":{\"@id\":\"https:\\\/\\\/www.duechslegal.de\\\/de\\\/#website\"},\"primaryImageOfPage\":{\"@id\":\"https:\\\/\\\/www.duechslegal.de\\\/de\\\/profil\\\/#primaryimage\"},\"image\":{\"@id\":\"https:\\\/\\\/www.duechslegal.de\\\/de\\\/profil\\\/#primaryimage\"},\"thumbnailUrl\":\"https:\\\/\\\/www.duechslegal.de\\\/wp-content\\\/uploads\\\/elementor\\\/thumbs\\\/preview_2022_06_Duechs11233-RET-scaled-pr1byjwz3sepzdymb316so6ybr251vc012j3ki8ahc.jpg\",\"datePublished\":\"2022-06-29T17:25:52+00:00\",\"dateModified\":\"2022-07-04T09:48:36+00:00\",\"breadcrumb\":{\"@id\":\"https:\\\/\\\/www.duechslegal.de\\\/de\\\/profil\\\/#breadcrumb\"},\"inLanguage\":\"de\",\"potentialAction\":[{\"@type\":\"ReadAction\",\"target\":[\"https:\\\/\\\/www.duechslegal.de\\\/de\\\/profil\\\/\"]}]},{\"@type\":\"ImageObject\",\"inLanguage\":\"de\",\"@id\":\"https:\\\/\\\/www.duechslegal.de\\\/de\\\/profil\\\/#primaryimage\",\"url\":\"https:\\\/\\\/www.duechslegal.de\\\/wp-content\\\/uploads\\\/elementor\\\/thumbs\\\/preview_2022_06_Duechs11233-RET-scaled-pr1byjwz3sepzdymb316so6ybr251vc012j3ki8ahc.jpg\",\"contentUrl\":\"https:\\\/\\\/www.duechslegal.de\\\/wp-content\\\/uploads\\\/elementor\\\/thumbs\\\/preview_2022_06_Duechs11233-RET-scaled-pr1byjwz3sepzdymb316so6ybr251vc012j3ki8ahc.jpg\"},{\"@type\":\"BreadcrumbList\",\"@id\":\"https:\\\/\\\/www.duechslegal.de\\\/de\\\/profil\\\/#breadcrumb\",\"itemListElement\":[{\"@type\":\"ListItem\",\"position\":1,\"name\":\"Startseite\",\"item\":\"https:\\\/\\\/www.duechslegal.de\\\/de\\\/\"},{\"@type\":\"ListItem\",\"position\":2,\"name\":\"Profil\"}]},{\"@type\":\"WebSite\",\"@id\":\"https:\\\/\\\/www.duechslegal.de\\\/de\\\/#website\",\"url\":\"https:\\\/\\\/www.duechslegal.de\\\/de\\\/\",\"name\":\"D\u00fcchs Legal\",\"description\":\"\",\"publisher\":{\"@id\":\"https:\\\/\\\/www.duechslegal.de\\\/de\\\/#organization\"},\"potentialAction\":[{\"@type\":\"SearchAction\",\"target\":{\"@type\":\"EntryPoint\",\"urlTemplate\":\"https:\\\/\\\/www.duechslegal.de\\\/de\\\/?s={search_term_string}\"},\"query-input\":{\"@type\":\"PropertyValueSpecification\",\"valueRequired\":true,\"valueName\":\"search_term_string\"}}],\"inLanguage\":\"de\"},{\"@type\":\"Organization\",\"@id\":\"https:\\\/\\\/www.duechslegal.de\\\/de\\\/#organization\",\"name\":\"D\u00fcchs Rechtsanw\u00e4lte PartmbB\",\"url\":\"https:\\\/\\\/www.duechslegal.de\\\/de\\\/\",\"logo\":{\"@type\":\"ImageObject\",\"inLanguage\":\"de\",\"@id\":\"https:\\\/\\\/www.duechslegal.de\\\/de\\\/#\\\/schema\\\/logo\\\/image\\\/\",\"url\":\"https:\\\/\\\/www.duechslegal.de\\\/wp-content\\\/uploads\\\/2022\\\/06\\\/Duechs-Legal-RGB.svg\",\"contentUrl\":\"https:\\\/\\\/www.duechslegal.de\\\/wp-content\\\/uploads\\\/2022\\\/06\\\/Duechs-Legal-RGB.svg\",\"width\":1,\"height\":1,\"caption\":\"D\u00fcchs Rechtsanw\u00e4lte PartmbB\"},\"image\":{\"@id\":\"https:\\\/\\\/www.duechslegal.de\\\/de\\\/#\\\/schema\\\/logo\\\/image\\\/\"}}]}<\/script>\n<!-- \/ Yoast SEO plugin. -->","yoast_head_json":{"title":"Profil - D\u00fcchs Legal","robots":{"index":"index","follow":"follow","max-snippet":"max-snippet:-1","max-image-preview":"max-image-preview:large","max-video-preview":"max-video-preview:-1"},"canonical":"https:\/\/www.duechslegal.de\/de\/profil\/","og_locale":"de_DE","og_type":"article","og_title":"Profil - D\u00fcchs Legal","og_description":"Wirtschaftsrecht f\u00fcr den Mittelstand D\u00fcchs Legal steht f\u00fcr fachlich erstklassige und praxisnahe Rechtsberatung in den Bereichen Corporate, Commercial und Dispute Resolution. Vom Standort M\u00fcnchen aus begleiten wir vor allem mittelst\u00e4ndische Unternehmen in allen Fragen des Wirtschaftsrechts. Wir sind Ansprechpartner f\u00fcr Gesch\u00e4ftsf\u00fchrerinnen und Gesch\u00e4ftsf\u00fchrer sowie Gesellschafterinnen und Gesellschafter, wenn es um die Einsch\u00e4tzung strategischer Unternehmensentscheidungen und [&hellip;]","og_url":"https:\/\/www.duechslegal.de\/de\/profil\/","og_site_name":"D\u00fcchs Legal","article_modified_time":"2022-07-04T09:48:36+00:00","og_image":[{"url":"https:\/\/www.duechslegal.de\/wp-content\/uploads\/elementor\/thumbs\/preview_2022_06_Duechs11233-RET-scaled-pr1byjwz3sepzdymb316so6ybr251vc012j3ki8ahc.jpg","type":"","width":"","height":""}],"twitter_card":"summary_large_image","twitter_misc":{"Gesch\u00e4tzte Lesezeit":"2\u00a0Minuten"},"schema":{"@context":"https:\/\/schema.org","@graph":[{"@type":"WebPage","@id":"https:\/\/www.duechslegal.de\/de\/profil\/","url":"https:\/\/www.duechslegal.de\/de\/profil\/","name":"Profil - D\u00fcchs Legal","isPartOf":{"@id":"https:\/\/www.duechslegal.de\/de\/#website"},"primaryImageOfPage":{"@id":"https:\/\/www.duechslegal.de\/de\/profil\/#primaryimage"},"image":{"@id":"https:\/\/www.duechslegal.de\/de\/profil\/#primaryimage"},"thumbnailUrl":"https:\/\/www.duechslegal.de\/wp-content\/uploads\/elementor\/thumbs\/preview_2022_06_Duechs11233-RET-scaled-pr1byjwz3sepzdymb316so6ybr251vc012j3ki8ahc.jpg","datePublished":"2022-06-29T17:25:52+00:00","dateModified":"2022-07-04T09:48:36+00:00","breadcrumb":{"@id":"https:\/\/www.duechslegal.de\/de\/profil\/#breadcrumb"},"inLanguage":"de","potentialAction":[{"@type":"ReadAction","target":["https:\/\/www.duechslegal.de\/de\/profil\/"]}]},{"@type":"ImageObject","inLanguage":"de","@id":"https:\/\/www.duechslegal.de\/de\/profil\/#primaryimage","url":"https:\/\/www.duechslegal.de\/wp-content\/uploads\/elementor\/thumbs\/preview_2022_06_Duechs11233-RET-scaled-pr1byjwz3sepzdymb316so6ybr251vc012j3ki8ahc.jpg","contentUrl":"https:\/\/www.duechslegal.de\/wp-content\/uploads\/elementor\/thumbs\/preview_2022_06_Duechs11233-RET-scaled-pr1byjwz3sepzdymb316so6ybr251vc012j3ki8ahc.jpg"},{"@type":"BreadcrumbList","@id":"https:\/\/www.duechslegal.de\/de\/profil\/#breadcrumb","itemListElement":[{"@type":"ListItem","position":1,"name":"Startseite","item":"https:\/\/www.duechslegal.de\/de\/"},{"@type":"ListItem","position":2,"name":"Profil"}]},{"@type":"WebSite","@id":"https:\/\/www.duechslegal.de\/de\/#website","url":"https:\/\/www.duechslegal.de\/de\/","name":"D\u00fcchs Legal","description":"","publisher":{"@id":"https:\/\/www.duechslegal.de\/de\/#organization"},"potentialAction":[{"@type":"SearchAction","target":{"@type":"EntryPoint","urlTemplate":"https:\/\/www.duechslegal.de\/de\/?s={search_term_string}"},"query-input":{"@type":"PropertyValueSpecification","valueRequired":true,"valueName":"search_term_string"}}],"inLanguage":"de"},{"@type":"Organization","@id":"https:\/\/www.duechslegal.de\/de\/#organization","name":"D\u00fcchs Rechtsanw\u00e4lte PartmbB","url":"https:\/\/www.duechslegal.de\/de\/","logo":{"@type":"ImageObject","inLanguage":"de","@id":"https:\/\/www.duechslegal.de\/de\/#\/schema\/logo\/image\/","url":"https:\/\/www.duechslegal.de\/wp-content\/uploads\/2022\/06\/Duechs-Legal-RGB.svg","contentUrl":"https:\/\/www.duechslegal.de\/wp-content\/uploads\/2022\/06\/Duechs-Legal-RGB.svg","width":1,"height":1,"caption":"D\u00fcchs Rechtsanw\u00e4lte PartmbB"},"image":{"@id":"https:\/\/www.duechslegal.de\/de\/#\/schema\/logo\/image\/"}}]}},"_links":{"self":[{"href":"https:\/\/www.duechslegal.de\/de\/wp-json\/wp\/v2\/pages\/103","targetHints":{"allow":["GET"]}}],"collection":[{"href":"https:\/\/www.duechslegal.de\/de\/wp-json\/wp\/v2\/pages"}],"about":[{"href":"https:\/\/www.duechslegal.de\/de\/wp-json\/wp\/v2\/types\/page"}],"author":[{"embeddable":true,"href":"https:\/\/www.duechslegal.de\/de\/wp-json\/wp\/v2\/users\/1"}],"replies":[{"embeddable":true,"href":"https:\/\/www.duechslegal.de\/de\/wp-json\/wp\/v2\/comments?post=103"}],"version-history":[{"count":73,"href":"https:\/\/www.duechslegal.de\/de\/wp-json\/wp\/v2\/pages\/103\/revisions"}],"predecessor-version":[{"id":1013,"href":"https:\/\/www.duechslegal.de\/de\/wp-json\/wp\/v2\/pages\/103\/revisions\/1013"}],"wp:attachment":[{"href":"https:\/\/www.duechslegal.de\/de\/wp-json\/wp\/v2\/media?parent=103"}],"curies":[{"name":"wp","href":"https:\/\/api.w.org\/{rel}","templated":true}]}}